{"id":2513,"date":"2025-03-19T09:25:06","date_gmt":"2025-03-19T09:25:06","guid":{"rendered":"https:\/\/donyanchem.com\/?page_id=2513"},"modified":"2025-09-05T02:32:17","modified_gmt":"2025-09-05T02:32:17","slug":"faq","status":"publish","type":"page","link":"https:\/\/donyanchem.com\/tr\/faq\/","title":{"rendered":"SSS"},"content":{"rendered":"<p><\/p>\n\n\n\n<figure class=\"wp-block-image aligncenter size-medium\"><img data-recalc-dims=\"1\" fetchpriority=\"high\" decoding=\"async\" width=\"300\" height=\"200\" src=\"https:\/\/i0.wp.com\/donyanchem.com\/wp-content\/uploads\/2025\/03\/pexels-photo-221164.jpeg?resize=300%2C200&#038;ssl=1\" alt=\"SSS_Donyan\" class=\"wp-image-3683\" title=\"\" srcset=\"https:\/\/i0.wp.com\/donyanchem.com\/wp-content\/uploads\/2025\/03\/pexels-photo-221164.jpeg?resize=300%2C200&amp;ssl=1 300w, https:\/\/i0.wp.com\/donyanchem.com\/wp-content\/uploads\/2025\/03\/pexels-photo-221164.jpeg?resize=1024%2C682&amp;ssl=1 1024w, https:\/\/i0.wp.com\/donyanchem.com\/wp-content\/uploads\/2025\/03\/pexels-photo-221164.jpeg?resize=768%2C512&amp;ssl=1 768w, https:\/\/i0.wp.com\/donyanchem.com\/wp-content\/uploads\/2025\/03\/pexels-photo-221164.jpeg?resize=1536%2C1024&amp;ssl=1 1536w, https:\/\/i0.wp.com\/donyanchem.com\/wp-content\/uploads\/2025\/03\/pexels-photo-221164.jpeg?resize=600%2C400&amp;ssl=1 600w, https:\/\/i0.wp.com\/donyanchem.com\/wp-content\/uploads\/2025\/03\/pexels-photo-221164.jpeg?w=1880&amp;ssl=1 1880w\" sizes=\"(max-width: 300px) 100vw, 300px\" \/><\/figure>\n\n\n<div class=\"wp-block-uagb-faq uagb-faq__outer-wrap uagb-block-79d76308 uagb-faq-icon-row uagb-faq-layout-accordion uagb-faq-expand-first-true uagb-faq-inactive-other-true uagb-faq__wrap uagb-buttons-layout-wrap uagb-faq-equal-height\" data-faqtoggle=\"true\" role=\"tablist\"><div class=\"wp-block-uagb-faq-child uagb-faq-child__outer-wrap uagb-faq-item uagb-block-ee926f50\" role=\"tab\" tabindex=\"0\"><div class=\"uagb-faq-questions-button uagb-faq-questions\">\t\t\t<span class=\"uagb-icon uagb-faq-icon-wrap\">\n\t\t\t\t\t\t\t\t<svg xmlns=\"https:\/\/www.w3.org\/2000\/svg\" viewbox= \"0 0 448 512\"><path d=\"M432 256c0 17.69-14.33 32.01-32 32.01H256v144c0 17.69-14.33 31.99-32 31.99s-32-14.3-32-31.99v-144H48c-17.67 0-32-14.32-32-32.01s14.33-31.99 32-31.99H192v-144c0-17.69 14.33-32.01 32-32.01s32 14.32 32 32.01v144h144C417.7 224 432 238.3 432 256z\"><\/path><\/svg>\n\t\t\t\t\t\t\t<\/span>\n\t\t\t\t\t\t<span class=\"uagb-icon-active uagb-faq-icon-wrap\">\n\t\t\t\t\t\t\t\t<svg xmlns=\"https:\/\/www.w3.org\/2000\/svg\" viewbox= \"0 0 448 512\"><path d=\"M400 288h-352c-17.69 0-32-14.32-32-32.01s14.31-31.99 32-31.99h352c17.69 0 32 14.3 32 31.99S417.7 288 400 288z\"><\/path><\/svg>\n\t\t\t\t\t\t\t<\/span>\n\t\t\t<span class=\"uagb-question\"><strong><strong><strong>S: Aerosol \u00fcr\u00fcnlerimin logosunu, renklerini ve ambalaj\u0131n\u0131 \u00f6zelle\u015ftirebilir miyim?<\/strong><\/strong><\/strong><\/span><\/div><div class=\"uagb-faq-content\"><p>Evet! Logolar, \u00fcr\u00fcn renkleri ve d\u0131\u015f ambalajlar (\u00f6rne\u011fin kartonlar, etiketler) i\u00e7in tam \u00f6zelle\u015ftirme imkan\u0131 sunuyoruz. Markan\u0131z\u0131n tasar\u0131m dosyalar\u0131n\u0131 bize iletebilirsiniz; \u015firket i\u00e7i tasar\u0131m ekibimiz, gereksinimlerinizle tam uyum sa\u011flayacakt\u0131r.<\/p><\/div><\/div><\/div>\n\n<div class=\"wp-block-uagb-faq uagb-faq__outer-wrap uagb-block-d2d34da9 uagb-faq-icon-row uagb-faq-layout-accordion uagb-faq-expand-first-true uagb-faq-inactive-other-true uagb-faq__wrap uagb-buttons-layout-wrap uagb-faq-equal-height\" data-faqtoggle=\"true\" role=\"tablist\"><div class=\"wp-block-uagb-faq-child uagb-faq-child__outer-wrap uagb-faq-item uagb-block-236ee8ae\" role=\"tab\" tabindex=\"0\"><div class=\"uagb-faq-questions-button uagb-faq-questions\">\t\t\t<span class=\"uagb-icon uagb-faq-icon-wrap\">\n\t\t\t\t\t\t\t\t<svg xmlns=\"https:\/\/www.w3.org\/2000\/svg\" viewbox= \"0 0 448 512\"><path d=\"M432 256c0 17.69-14.33 32.01-32 32.01H256v144c0 17.69-14.33 31.99-32 31.99s-32-14.3-32-31.99v-144H48c-17.67 0-32-14.32-32-32.01s14.33-31.99 32-31.99H192v-144c0-17.69 14.33-32.01 32-32.01s32 14.32 32 32.01v144h144C417.7 224 432 238.3 432 256z\"><\/path><\/svg>\n\t\t\t\t\t\t\t<\/span>\n\t\t\t\t\t\t<span class=\"uagb-icon-active uagb-faq-icon-wrap\">\n\t\t\t\t\t\t\t\t<svg xmlns=\"https:\/\/www.w3.org\/2000\/svg\" viewbox= \"0 0 448 512\"><path d=\"M400 288h-352c-17.69 0-32-14.32-32-32.01s14.31-31.99 32-31.99h352c17.69 0 32 14.3 32 31.99S417.7 288 400 288z\"><\/path><\/svg>\n\t\t\t\t\t\t\t<\/span>\n\t\t\t<span class=\"uagb-question\"><strong>S: \u00d6zelle\u015ftirilmi\u015f tasar\u0131mlar i\u00e7in minimum sipari\u015f miktar\u0131 (MOQ) var m\u0131?<\/strong><\/span><\/div><div class=\"uagb-faq-content\"><p>\u00d6zelle\u015ftirilmi\u015f normal sipari\u015fler i\u00e7in MOQ&#039;umuz\u00a0<strong>16.000 birim<\/strong>,<strong> b\u00fctan gaz\u0131 MOQ 30.000<\/strong>Hem yeni kurulan \u015firketler hem de b\u00fcy\u00fck \u00f6l\u00e7ekli m\u00fc\u015fteriler i\u00e7in uygun maliyetli \u00e7\u00f6z\u00fcmler sa\u011flamak. <\/p><\/div><\/div><\/div>\n\n<div class=\"wp-block-uagb-faq uagb-faq__outer-wrap uagb-block-8ec71033 uagb-faq-icon-row uagb-faq-layout-accordion uagb-faq-expand-first-true uagb-faq-inactive-other-true uagb-faq__wrap uagb-buttons-layout-wrap uagb-faq-equal-height\" data-faqtoggle=\"true\" role=\"tablist\"><div class=\"wp-block-uagb-faq-child uagb-faq-child__outer-wrap uagb-faq-item uagb-block-c93e2001\" role=\"tab\" tabindex=\"0\"><div class=\"uagb-faq-questions-button uagb-faq-questions\">\t\t\t<span class=\"uagb-icon uagb-faq-icon-wrap\">\n\t\t\t\t\t\t\t\t<svg xmlns=\"https:\/\/www.w3.org\/2000\/svg\" viewbox= \"0 0 448 512\"><path d=\"M432 256c0 17.69-14.33 32.01-32 32.01H256v144c0 17.69-14.33 31.99-32 31.99s-32-14.3-32-31.99v-144H48c-17.67 0-32-14.32-32-32.01s14.33-31.99 32-31.99H192v-144c0-17.69 14.33-32.01 32-32.01s32 14.32 32 32.01v144h144C417.7 224 432 238.3 432 256z\"><\/path><\/svg>\n\t\t\t\t\t\t\t<\/span>\n\t\t\t\t\t\t<span class=\"uagb-icon-active uagb-faq-icon-wrap\">\n\t\t\t\t\t\t\t\t<svg xmlns=\"https:\/\/www.w3.org\/2000\/svg\" viewbox= \"0 0 448 512\"><path d=\"M400 288h-352c-17.69 0-32-14.32-32-32.01s14.31-31.99 32-31.99h352c17.69 0 32 14.3 32 31.99S417.7 288 400 288z\"><\/path><\/svg>\n\t\t\t\t\t\t\t<\/span>\n\t\t\t<span class=\"uagb-question\"><strong>S: Haz\u0131r bir sanat eserim yoksa tasar\u0131m konusunda yard\u0131mc\u0131 oluyor musunuz?<\/strong><\/span><\/div><div class=\"uagb-faq-content\"><p>Kesinlikle. Tasar\u0131m ekibimiz, konseptleri geli\u015ftirmenize veya s\u0131f\u0131rdan tasar\u0131mlar olu\u015fturman\u0131za yard\u0131mc\u0131 olarak \u00fcr\u00fcn\u00fcn\u00fcz\u00fcn pazarda \u00f6ne \u00e7\u0131kmas\u0131n\u0131 sa\u011flar.<\/p><\/div><\/div><\/div>\n\n<div class=\"wp-block-uagb-faq uagb-faq__outer-wrap uagb-block-c7fce249 uagb-faq-icon-row uagb-faq-layout-accordion uagb-faq-expand-first-true uagb-faq-inactive-other-true uagb-faq__wrap uagb-buttons-layout-wrap uagb-faq-equal-height\" data-faqtoggle=\"true\" role=\"tablist\"><div class=\"wp-block-uagb-faq-child uagb-faq-child__outer-wrap uagb-faq-item uagb-block-d859fb76\" role=\"tab\" tabindex=\"0\"><div class=\"uagb-faq-questions-button uagb-faq-questions\">\t\t\t<span class=\"uagb-icon uagb-faq-icon-wrap\">\n\t\t\t\t\t\t\t\t<svg xmlns=\"https:\/\/www.w3.org\/2000\/svg\" viewbox= \"0 0 448 512\"><path d=\"M432 256c0 17.69-14.33 32.01-32 32.01H256v144c0 17.69-14.33 31.99-32 31.99s-32-14.3-32-31.99v-144H48c-17.67 0-32-14.32-32-32.01s14.33-31.99 32-31.99H192v-144c0-17.69 14.33-32.01 32-32.01s32 14.32 32 32.01v144h144C417.7 224 432 238.3 432 256z\"><\/path><\/svg>\n\t\t\t\t\t\t\t<\/span>\n\t\t\t\t\t\t<span class=\"uagb-icon-active uagb-faq-icon-wrap\">\n\t\t\t\t\t\t\t\t<svg xmlns=\"https:\/\/www.w3.org\/2000\/svg\" viewbox= \"0 0 448 512\"><path d=\"M400 288h-352c-17.69 0-32-14.32-32-32.01s14.31-31.99 32-31.99h352c17.69 0 32 14.3 32 31.99S417.7 288 400 288z\"><\/path><\/svg>\n\t\t\t\t\t\t\t<\/span>\n\t\t\t<span class=\"uagb-question\"><strong><strong>S: Standart \u00fcretim s\u00fcreniz nedir?<\/strong><\/strong><\/span><\/div><div class=\"uagb-faq-content\"><p>Standart teslim s\u00fcremiz\u00a0<strong>8\u201315 g\u00fcn<\/strong>\u00a0Tasar\u0131m\u0131n tamamlanmas\u0131 ve depozito onay\u0131n\u0131n al\u0131nmas\u0131ndan itibaren. Bu, \u00fcretim, kalite kontrolleri ve paketlemeyi i\u00e7erir. <\/p><\/div><\/div><\/div>\n\n<div class=\"wp-block-uagb-faq uagb-faq__outer-wrap uagb-block-fb567a70 uagb-faq-icon-row uagb-faq-layout-accordion uagb-faq-expand-first-true uagb-faq-inactive-other-true uagb-faq__wrap uagb-buttons-layout-wrap uagb-faq-equal-height\" data-faqtoggle=\"true\" role=\"tablist\"><div class=\"wp-block-uagb-faq-child uagb-faq-child__outer-wrap uagb-faq-item uagb-block-ea9f8ab8\" role=\"tab\" tabindex=\"0\"><div class=\"uagb-faq-questions-button uagb-faq-questions\">\t\t\t<span class=\"uagb-icon uagb-faq-icon-wrap\">\n\t\t\t\t\t\t\t\t<svg xmlns=\"https:\/\/www.w3.org\/2000\/svg\" viewbox= \"0 0 448 512\"><path d=\"M432 256c0 17.69-14.33 32.01-32 32.01H256v144c0 17.69-14.33 31.99-32 31.99s-32-14.3-32-31.99v-144H48c-17.67 0-32-14.32-32-32.01s14.33-31.99 32-31.99H192v-144c0-17.69 14.33-32.01 32-32.01s32 14.32 32 32.01v144h144C417.7 224 432 238.3 432 256z\"><\/path><\/svg>\n\t\t\t\t\t\t\t<\/span>\n\t\t\t\t\t\t<span class=\"uagb-icon-active uagb-faq-icon-wrap\">\n\t\t\t\t\t\t\t\t<svg xmlns=\"https:\/\/www.w3.org\/2000\/svg\" viewbox= \"0 0 448 512\"><path d=\"M400 288h-352c-17.69 0-32-14.32-32-32.01s14.31-31.99 32-31.99h352c17.69 0 32 14.3 32 31.99S417.7 288 400 288z\"><\/path><\/svg>\n\t\t\t\t\t\t\t<\/span>\n\t\t\t<span class=\"uagb-question\"><strong><strong><strong>S: Acil ihtiya\u00e7lar i\u00e7in sipari\u015fleri h\u0131zland\u0131rabilir misiniz?<\/strong><\/strong><\/strong><\/span><\/div><div class=\"uagb-faq-content\"><p>Evet, kritik zaman \u00e7izelgeleri i\u00e7in acil \u00fcretim hizmeti sunuyoruz. H\u0131zland\u0131r\u0131lm\u0131\u015f se\u00e7enekleri g\u00f6r\u00fc\u015fmek i\u00e7in ekibimizle ileti\u015fime ge\u00e7in (ek \u00fccretler uygulanabilir).<\/p><\/div><\/div><\/div>\n\n<div class=\"wp-block-uagb-faq uagb-faq__outer-wrap uagb-block-fce34170 uagb-faq-icon-row uagb-faq-layout-accordion uagb-faq-expand-first-true uagb-faq-inactive-other-true uagb-faq__wrap uagb-buttons-layout-wrap uagb-faq-equal-height\" data-faqtoggle=\"true\" role=\"tablist\"><div class=\"wp-block-uagb-faq-child uagb-faq-child__outer-wrap uagb-faq-item uagb-block-6e4c677f\" role=\"tab\" tabindex=\"0\"><div class=\"uagb-faq-questions-button uagb-faq-questions\">\t\t\t<span class=\"uagb-icon uagb-faq-icon-wrap\">\n\t\t\t\t\t\t\t\t<svg xmlns=\"https:\/\/www.w3.org\/2000\/svg\" viewbox= \"0 0 448 512\"><path d=\"M432 256c0 17.69-14.33 32.01-32 32.01H256v144c0 17.69-14.33 31.99-32 31.99s-32-14.3-32-31.99v-144H48c-17.67 0-32-14.32-32-32.01s14.33-31.99 32-31.99H192v-144c0-17.69 14.33-32.01 32-32.01s32 14.32 32 32.01v144h144C417.7 224 432 238.3 432 256z\"><\/path><\/svg>\n\t\t\t\t\t\t\t<\/span>\n\t\t\t\t\t\t<span class=\"uagb-icon-active uagb-faq-icon-wrap\">\n\t\t\t\t\t\t\t\t<svg xmlns=\"https:\/\/www.w3.org\/2000\/svg\" viewbox= \"0 0 448 512\"><path d=\"M400 288h-352c-17.69 0-32-14.32-32-32.01s14.31-31.99 32-31.99h352c17.69 0 32 14.3 32 31.99S417.7 288 400 288z\"><\/path><\/svg>\n\t\t\t\t\t\t\t<\/span>\n\t\t\t<span class=\"uagb-question\"><strong><strong><strong><strong>S: Zaman\u0131nda teslimat\u0131 nas\u0131l sa\u011fl\u0131yorsunuz?<\/strong><\/strong><\/strong><\/strong><\/span><\/div><div class=\"uagb-faq-content\"><p>Bir olarak\u00a0<strong>\u00f6nde gelen \u00c7in Aerosol Sprey \u00fcreticisi<\/strong>, dakikli\u011fi garanti alt\u0131na almak i\u00e7in geli\u015fmi\u015f otomasyon, ak\u0131c\u0131 i\u015f ak\u0131\u015flar\u0131 ve ger\u00e7ek zamanl\u0131 izleme kullan\u0131yoruz. <\/p><\/div><\/div><\/div>\n\n<div class=\"wp-block-uagb-faq uagb-faq__outer-wrap uagb-block-83cda9f3 uagb-faq-icon-row uagb-faq-layout-accordion uagb-faq-expand-first-true uagb-faq-inactive-other-true uagb-faq__wrap uagb-buttons-layout-wrap uagb-faq-equal-height\" data-faqtoggle=\"true\" role=\"tablist\"><div class=\"wp-block-uagb-faq-child uagb-faq-child__outer-wrap uagb-faq-item uagb-block-ab4ac850\" role=\"tab\" tabindex=\"0\"><div class=\"uagb-faq-questions-button uagb-faq-questions\">\t\t\t<span class=\"uagb-icon uagb-faq-icon-wrap\">\n\t\t\t\t\t\t\t\t<svg xmlns=\"https:\/\/www.w3.org\/2000\/svg\" viewbox= \"0 0 448 512\"><path d=\"M432 256c0 17.69-14.33 32.01-32 32.01H256v144c0 17.69-14.33 31.99-32 31.99s-32-14.3-32-31.99v-144H48c-17.67 0-32-14.32-32-32.01s14.33-31.99 32-31.99H192v-144c0-17.69 14.33-32.01 32-32.01s32 14.32 32 32.01v144h144C417.7 224 432 238.3 432 256z\"><\/path><\/svg>\n\t\t\t\t\t\t\t<\/span>\n\t\t\t\t\t\t<span class=\"uagb-icon-active uagb-faq-icon-wrap\">\n\t\t\t\t\t\t\t\t<svg xmlns=\"https:\/\/www.w3.org\/2000\/svg\" viewbox= \"0 0 448 512\"><path d=\"M400 288h-352c-17.69 0-32-14.32-32-32.01s14.31-31.99 32-31.99h352c17.69 0 32 14.3 32 31.99S417.7 288 400 288z\"><\/path><\/svg>\n\t\t\t\t\t\t\t<\/span>\n\t\t\t<span class=\"uagb-question\"><strong><strong><strong><strong><strong>S: Hangi kalite standartlar\u0131na uyuyorsunuz?<\/strong><\/strong><\/strong><\/strong><\/strong><\/span><\/div><div class=\"uagb-faq-content\"><p>Biz uyuyoruz\u00a0<strong>ISO 9001<\/strong>\u00a0<strong>standartlar<\/strong>Birinci s\u0131n\u0131f malzemeler, s\u0131zd\u0131rmaz valfler ve tutarl\u0131 p\u00fcsk\u00fcrtme performans\u0131 sa\u011flayan her parti, titiz bas\u0131n\u00e7, dayan\u0131kl\u0131l\u0131k ve g\u00fcvenlik testlerinden ge\u00e7er.<\/p><\/div><\/div><\/div>\n\n<div class=\"wp-block-uagb-faq uagb-faq__outer-wrap uagb-block-c114d1dd uagb-faq-icon-row uagb-faq-layout-accordion uagb-faq-expand-first-true uagb-faq-inactive-other-true uagb-faq__wrap uagb-buttons-layout-wrap uagb-faq-equal-height\" data-faqtoggle=\"true\" role=\"tablist\"><div class=\"wp-block-uagb-faq-child uagb-faq-child__outer-wrap uagb-faq-item uagb-block-ae1a3f46\" role=\"tab\" tabindex=\"0\"><div class=\"uagb-faq-questions-button uagb-faq-questions\">\t\t\t<span class=\"uagb-icon uagb-faq-icon-wrap\">\n\t\t\t\t\t\t\t\t<svg xmlns=\"https:\/\/www.w3.org\/2000\/svg\" viewbox= \"0 0 448 512\"><path d=\"M432 256c0 17.69-14.33 32.01-32 32.01H256v144c0 17.69-14.33 31.99-32 31.99s-32-14.3-32-31.99v-144H48c-17.67 0-32-14.32-32-32.01s14.33-31.99 32-31.99H192v-144c0-17.69 14.33-32.01 32-32.01s32 14.32 32 32.01v144h144C417.7 224 432 238.3 432 256z\"><\/path><\/svg>\n\t\t\t\t\t\t\t<\/span>\n\t\t\t\t\t\t<span class=\"uagb-icon-active uagb-faq-icon-wrap\">\n\t\t\t\t\t\t\t\t<svg xmlns=\"https:\/\/www.w3.org\/2000\/svg\" viewbox= \"0 0 448 512\"><path d=\"M400 288h-352c-17.69 0-32-14.32-32-32.01s14.31-31.99 32-31.99h352c17.69 0 32 14.3 32 31.99S417.7 288 400 288z\"><\/path><\/svg>\n\t\t\t\t\t\t\t<\/span>\n\t\t\t<span class=\"uagb-question\"><strong><strong><strong><strong><strong><strong>S: \u00dcretim \u00f6ncesinde hammaddeleri test ediyor musunuz?<\/strong><\/strong><\/strong><\/strong><\/strong><\/strong><\/span><\/div><div class=\"uagb-faq-content\"><p>Evet. T\u00fcm \u00e7\u00f6z\u00fcc\u00fcler, itici gazlar ve ambalaj malzemeleri g\u00fcvenlik ve \u00e7evre y\u00f6netmeliklerine uygunluk a\u00e7\u0131s\u0131ndan \u00f6nceden test edilmi\u015ftir.<\/p><\/div><\/div><\/div>\n\n<div class=\"wp-block-uagb-faq uagb-faq__outer-wrap uagb-block-2b0dd987 uagb-faq-icon-row uagb-faq-layout-accordion uagb-faq-expand-first-true uagb-faq-inactive-other-true uagb-faq__wrap uagb-buttons-layout-wrap uagb-faq-equal-height\" data-faqtoggle=\"true\" role=\"tablist\"><div class=\"wp-block-uagb-faq-child uagb-faq-child__outer-wrap uagb-faq-item uagb-block-0a648648\" role=\"tab\" tabindex=\"0\"><div class=\"uagb-faq-questions-button uagb-faq-questions\">\t\t\t<span class=\"uagb-icon uagb-faq-icon-wrap\">\n\t\t\t\t\t\t\t\t<svg xmlns=\"https:\/\/www.w3.org\/2000\/svg\" viewbox= \"0 0 448 512\"><path d=\"M432 256c0 17.69-14.33 32.01-32 32.01H256v144c0 17.69-14.33 31.99-32 31.99s-32-14.3-32-31.99v-144H48c-17.67 0-32-14.32-32-32.01s14.33-31.99 32-31.99H192v-144c0-17.69 14.33-32.01 32-32.01s32 14.32 32 32.01v144h144C417.7 224 432 238.3 432 256z\"><\/path><\/svg>\n\t\t\t\t\t\t\t<\/span>\n\t\t\t\t\t\t<span class=\"uagb-icon-active uagb-faq-icon-wrap\">\n\t\t\t\t\t\t\t\t<svg xmlns=\"https:\/\/www.w3.org\/2000\/svg\" viewbox= \"0 0 448 512\"><path d=\"M400 288h-352c-17.69 0-32-14.32-32-32.01s14.31-31.99 32-31.99h352c17.69 0 32 14.3 32 31.99S417.7 288 400 288z\"><\/path><\/svg>\n\t\t\t\t\t\t\t<\/span>\n\t\t\t<span class=\"uagb-question\"><strong><strong><strong><strong><strong><strong><strong>S: Aerosolleriniz \u00e7evre dostu mu?<\/strong><\/strong><\/strong><\/strong><\/strong><\/strong><\/strong><\/span><\/div><div class=\"uagb-faq-content\"><p>Biz sunuyoruz\u00a0<strong>CFC i\u00e7ermez<\/strong>ve geri d\u00f6n\u00fc\u015ft\u00fcr\u00fclebilir ambalaj se\u00e7enekleri. S\u00fcrd\u00fcr\u00fclebilir itici gaz alternatiflerimiz hakk\u0131nda bilgi al\u0131n.<\/p><\/div><\/div><\/div>\n\n\n<p><\/p>\n\n\n\n<div class=\"wp-block-uagb-advanced-heading uagb-block-e1f27d0e\"><h2 class=\"uagb-heading-text\"><strong><a href=\"https:\/\/donyanchem.com\/tr\/contact\/\">Bize Ula\u015f\u0131n<\/a><\/strong><\/h2><\/div>\n\n\n\n<p class=\"has-text-align-center\">Daha detayl\u0131 bilgi i\u00e7in e-posta g\u00f6nderin veya aray\u0131n. <\/p>\n\n\n\n<p class=\"has-text-align-center\">Markan\u0131z\u0131 y\u00fcceltecek y\u00fcksek kaliteli aerosoller yaratal\u0131m! <\/p>\n\n\n\n<div class=\"wp-block-uagb-forms uagb-forms__outer-wrap uagb-block-a7ec2af7 uagb-forms__medium-btn\"><form class=\"uagb-forms-main-form\" method=\"post\" autocomplete=\"on\" name=\"uagb-form-a7ec2af7\" action=\"\">\n<div class=\"wp-block-uagb-forms-name uagb-forms-name-wrap uagb-forms-field-set uagb-block-34d7832d\"><div class=\"uagb-forms-name-label required uagb-forms-input-label\" id=\"34d7832d\">\u0130lk ad\u0131<\/div><input type=\"text\" placeholder=\"John\" required class=\"uagb-forms-name-input uagb-forms-input\" name=\"34d7832d\" autocomplete=\"given-name\"\/><\/div>\n\n\n\n<div class=\"wp-block-uagb-forms-name uagb-forms-name-wrap uagb-forms-field-set uagb-block-c55c1789\"><div class=\"uagb-forms-name-label required uagb-forms-input-label\" id=\"c55c1789\">Soy isim<\/div><input type=\"text\" placeholder=\"Di\u015fi geyik\" required class=\"uagb-forms-name-input uagb-forms-input\" name=\"c55c1789\" autocomplete=\"family-name\"\/><\/div>\n\n\n\n<div class=\"wp-block-uagb-forms-email uagb-forms-email-wrap uagb-forms-field-set uagb-block-623b2982\"><div class=\"uagb-forms-email-label  uagb-forms-input-label\" id=\"623b2982\">E-posta<\/div><input type=\"email\" class=\"uagb-forms-email-input uagb-forms-input\" placeholder=\"example@mail.com\" name=\"623b2982\" autocomplete=\"email\"\/><\/div>\n\n\n\n<div class=\"wp-block-uagb-forms-textarea uagb-forms-textarea-wrap uagb-forms-field-set uagb-block-c5039980\"><div class=\"uagb-forms-textarea-label required uagb-forms-input-label\" id=\"c5039980\">Mesaj<\/div><textarea required class=\"uagb-forms-textarea-input uagb-forms-input\" rows=\"4\" placeholder=\"Mesaj\u0131n\u0131z\u0131 girin\" name=\"c5039980\" autocomplete=\"off\"><\/textarea><\/div>\n<div class=\"uagb-forms-form-hidden-data\"><input type=\"hidden\" class=\"uagb_forms_form_label\" value=\"Spectra Form\"\/><input type=\"hidden\" class=\"uagb_forms_form_id\" value=\"uagb-form-a7ec2af7\"\/><\/div><div class=\"uagb-form-reacaptcha-error-a7ec2af7\"><\/div><div class=\"uagb-forms-main-submit-button-wrap wp-block-button\"><button class=\"uagb-forms-main-submit-button wp-block-button__link\"><div class=\"uagb-forms-main-submit-button-text\">G\u00f6ndermek<\/div><\/button><\/div><input type=\"hidden\" name=\"trp-form-language\" value=\"tr\"\/><\/form><div class=\"uagb-forms-success-message-a7ec2af7 uagb-forms-submit-message-hide\"><span>Form ba\u015far\u0131yla g\u00f6nderildi!<\/span><\/div><div class=\"uagb-forms-failed-message-a7ec2af7 uagb-forms-submit-message-hide\"><span>Form g\u00f6nderilirken bir hata olu\u015ftu. L\u00fctfen t\u00fcm form alanlar\u0131n\u0131 tekrar do\u011frulay\u0131n.<\/span><\/div><\/div>\n\n\n\n<p><\/p>","protected":false},"excerpt":{"rendered":"<p>Daha fazla bilgi i\u00e7in bize ula\u015f\u0131n, e-posta g\u00f6nderin veya aray\u0131n. Markan\u0131z\u0131 \u00f6ne \u00e7\u0131karacak y\u00fcksek kaliteli aerosoller \u00fcretelim!<\/p>","protected":false},"author":1,"featured_media":0,"parent":0,"menu_order":0,"comment_status":"closed","ping_status":"closed","template":"elementor_theme","meta":{"_uag_custom_page_level_css":"","site-sidebar-layout":"default","site-content-layout":"","ast-site-content-layout":"default","site-content-style":"default","site-sidebar-style":"default","ast-global-header-display":"","ast-banner-title-visibility":"","ast-main-header-display":"","ast-hfb-above-header-display":"","ast-hfb-below-header-display":"","ast-hfb-mobile-header-display":"","site-post-title":"","ast-breadcrumbs-content":"","ast-featured-img":"","footer-sml-layout":"","ast-disable-related-posts":"","theme-transparent-header-meta":"","adv-header-id-meta":"","stick-header-meta":"","header-above-stick-meta":"","header-main-stick-meta":"","header-below-stick-meta":"","astra-migrate-meta-layouts":"set","ast-page-background-enabled":"default","ast-page-background-meta":{"desktop":{"background-color":"","background-image":"","background-repeat":"repeat","background-position":"center center","background-size":"auto","background-attachment":"scroll","background-type":"","background-media":"","overlay-type":"","overlay-color":"","overlay-opacity":"","overlay-gradient":""},"tablet":{"background-color":"","background-image":"","background-repeat":"repeat","background-position":"center center","background-size":"auto","background-attachment":"scroll","background-type":"","background-media":"","overlay-type":"","overlay-color":"","overlay-opacity":"","overlay-gradient":""},"mobile":{"background-color":"","background-image":"","background-repeat":"repeat","background-position":"center center","background-size":"auto","background-attachment":"scroll","background-type":"","background-media":"","overlay-type":"","overlay-color":"","overlay-opacity":"","overlay-gradient":""}},"ast-content-background-meta":{"desktop":{"background-color":"var(--ast-global-color-5)","background-image":"","background-repeat":"repeat","background-position":"center center","background-size":"auto","background-attachment":"scroll","background-type":"","background-media":"","overlay-type":"","overlay-color":"","overlay-opacity":"","overlay-gradient":""},"tablet":{"background-color":"var(--ast-global-color-5)","background-image":"","background-repeat":"repeat","background-position":"center center","background-size":"auto","background-attachment":"scroll","background-type":"","background-media":"","overlay-type":"","overlay-color":"","overlay-opacity":"","overlay-gradient":""},"mobile":{"background-color":"var(--ast-global-color-5)","background-image":"","background-repeat":"repeat","background-position":"center center","background-size":"auto","background-attachment":"scroll","background-type":"","background-media":"","overlay-type":"","overlay-color":"","overlay-opacity":"","overlay-gradient":""}},"footnotes":""},"class_list":["post-2513","page","type-page","status-publish","hentry"],"_hostinger_reach_plugin_has_subscription_block":false,"_hostinger_reach_plugin_is_elementor":false,"uagb_featured_image_src":{"full":false,"thumbnail":false,"medium":false,"medium_large":false,"large":false,"1536x1536":false,"2048x2048":false,"trp-custom-language-flag":false,"woocommerce_thumbnail":false,"woocommerce_single":false,"woocommerce_gallery_thumbnail":false},"uagb_author_info":{"display_name":"DY Team","author_link":"https:\/\/donyanchem.com\/tr\/author\/stella-ye26gmail-com\/"},"uagb_comment_info":0,"uagb_excerpt":"Contact Us For more details, email&nbsp;or call. Let\u2019s create high-quality aerosols that elevate your brand!","jetpack_likes_enabled":true,"jetpack_sharing_enabled":true,"_links":{"self":[{"href":"https:\/\/donyanchem.com\/tr\/wp-json\/wp\/v2\/pages\/2513","targetHints":{"allow":["GET"]}}],"collection":[{"href":"https:\/\/donyanchem.com\/tr\/wp-json\/wp\/v2\/pages"}],"about":[{"href":"https:\/\/donyanchem.com\/tr\/wp-json\/wp\/v2\/types\/page"}],"author":[{"embeddable":true,"href":"https:\/\/donyanchem.com\/tr\/wp-json\/wp\/v2\/users\/1"}],"replies":[{"embeddable":true,"href":"https:\/\/donyanchem.com\/tr\/wp-json\/wp\/v2\/comments?post=2513"}],"version-history":[{"count":3,"href":"https:\/\/donyanchem.com\/tr\/wp-json\/wp\/v2\/pages\/2513\/revisions"}],"predecessor-version":[{"id":4067,"href":"https:\/\/donyanchem.com\/tr\/wp-json\/wp\/v2\/pages\/2513\/revisions\/4067"}],"wp:attachment":[{"href":"https:\/\/donyanchem.com\/tr\/wp-json\/wp\/v2\/media?parent=2513"}],"curies":[{"name":"wp","href":"https:\/\/api.w.org\/{rel}","templated":true}]}}