{"id":3568,"date":"2025-06-13T05:47:32","date_gmt":"2025-06-13T05:47:32","guid":{"rendered":"https:\/\/donyanchem.com\/?post_type=product&#038;p=3568"},"modified":"2025-06-27T05:27:23","modified_gmt":"2025-06-27T05:27:23","slug":"gas-one-butane-fuel-dy-gas220","status":"publish","type":"product","link":"https:\/\/donyanchem.com\/tr\/product\/gas-one-butane-fuel-dy-gas220\/","title":{"rendered":"DonYan Gaz\u0131 Bir B\u00fctan Yak\u0131t DY-gas220"},"content":{"rendered":"<h2><a href=\"https:\/\/donyanchem.com\/tr\/product-category\/butane-fuel-gas\/\">Gas One B\u00fctan Yak\u0131t\u0131 <\/a>DY-gaz220<\/h2>\n<h5><\/h5>\n<h5>Gas One B\u00fctan Yak\u0131t\u0131, \u00f6zellikle ta\u015f\u0131nabilir ve hafif olacak \u015fekilde tasarlanm\u0131\u015f ta\u015f\u0131nabilir gaz sobalar\u0131nda kullan\u0131lmak \u00fczere tasarlanm\u0131\u015f, kamp, piknik, barbek\u00fc, gaz me\u015falesi ve uzak yerlerde kolayca ta\u015f\u0131nabilir bir pi\u015firme veya \u0131s\u0131tma arac\u0131na ihtiya\u00e7 duyulan di\u011fer kullan\u0131mlarda kullan\u0131lan pi\u015firme gaz\u0131d\u0131r.<\/h5>\n<p>&nbsp;<\/p>\n<h5>G\u00fcvenilirlik ve en y\u00fcksek performans i\u00e7in tasarlanan b\u00fctan yak\u0131t t\u00fcplerimiz, a\u00e7\u0131k hava merakl\u0131lar\u0131 ve profesyoneller i\u00e7in ideal olan saf ve y\u00fcksek safl\u0131kta gaz (\u226595%) sa\u011flar. Kompakt tasar\u0131m\u0131yla bu t\u00fcpler, kamp sobalar\u0131, ta\u015f\u0131nabilir \u0131s\u0131t\u0131c\u0131lar ve mutfak me\u015faleleri i\u00e7in ola\u011fan\u00fcst\u00fc ta\u015f\u0131nabilirlik sunar.<\/h5>\n<p>&nbsp;<\/p>\n<p><strong>Temel \u00d6zellikler:<\/strong><br \/>\n\u2705\u00a0<strong>Ultra Saf Form\u00fcl<\/strong>: D\u00fc\u015f\u00fck koku ve kal\u0131nt\u0131 b\u0131rakmayan yanma, tutarl\u0131 alev kontrol\u00fc sa\u011flar ve hassas aletlerde t\u0131kanmay\u0131 en aza indirir.<br \/>\n\u2705\u00a0<strong>S\u0131z\u0131nt\u0131ya Kar\u015f\u0131 G\u00fcvenlik<\/strong>: \u00dc\u00e7l\u00fc contal\u0131 vanalar ve darbeye dayan\u0131kl\u0131 yap\u0131 ISO9001 g\u00fcvenlik standartlar\u0131na uygundur.<br \/>\n\u2705\u00a0<strong>Geni\u015f Uyumluluk<\/strong>: Izgara, lehimleme ve acil durum \u0131s\u0131tmas\u0131 i\u00e7in ba\u015fl\u0131ca markalara (\u00f6rne\u011fin Bernzomatic, Jetboil, Iwatani) evrensel olarak uyar.<br \/>\n\u2705 <strong>B\u00fcy\u00fck<\/strong><b> Konserveleme: <\/b>220g\/250g, b\u00fcy\u00fck hacim daha fazla kolayl\u0131k.<br \/>\n\u2705\u00a0<strong>Her Hava Ko\u015fulunda G\u00fcvenilirlik<\/strong>: -2\u00b0C ile 40\u00b0C aras\u0131nda stabil \u00e7\u0131k\u0131\u015f.<\/p>\n<p>G\u00fcvenilir ve uzun \u00f6m\u00fcrl\u00fc yak\u0131tla a\u00e7\u0131k hava maceralar\u0131n\u0131z\u0131 veya kendin yap projelerinizi optimize edin. Temiz yanmas\u0131 ve kolay saklanmas\u0131yla hem \u015feflerin hem de hayatta kalma uzmanlar\u0131n\u0131n g\u00fcvendi\u011fi bir yak\u0131tt\u0131r.<\/p>\n<p><img data-recalc-dims=\"1\" fetchpriority=\"high\" decoding=\"async\" class=\"alignnone wp-image-3652\" src=\"https:\/\/i0.wp.com\/donyanchem.com\/wp-content\/uploads\/2025\/06\/product_butane-gas.png?resize=790%2C5043&#038;ssl=1\" alt=\"\u00fcr\u00fcn_b\u00fctan gaz\u0131\" width=\"790\" height=\"5043\" title=\"\"><\/p>\n<h4><\/h4>\n<p>&nbsp;<\/p>\n<p><!--more--><\/p>\n<p>&nbsp;<\/p>\n\t\t\t<div class=\"srfm-form-container srfm-form-container-2475 srfm-bg-color\">\n\t\t\t<style>\n\t\t\t\t\/* Need to check and remove the input variables related to the Style Tab. *\/\n\t\t\t\t.srfm-form-container-2475 {\n\t\t\t\t\t\/* New test variables *\/\n\t\t\t\t\t--srfm-color-scheme-primary: var(--ast-global-color-0);\n\t\t\t\t\t--srfm-color-scheme-text-on-primary: #FFFFFF;\n\t\t\t\t\t--srfm-color-scheme-text: var(--ast-global-color-2);\n\t\t\t\t\t--srfm-quill-editor-color: var(--ast-global-color-0);\n\n\t\t\t\t\t--srfm-color-input-label: var(--ast-global-color-2);\n\t\t\t\t\t--srfm-color-input-description: hsl( from var(--ast-global-color-2) h s l \/ 0.65 );\n\t\t\t\t\t--srfm-color-input-placeholder: hsl( from var(--ast-global-color-2) h s l \/ 0.5 );\n\t\t\t\t\t--srfm-color-input-text: var(--ast-global-color-2);\n\t\t\t\t\t--srfm-color-input-prefix: hsl( from var(--ast-global-color-2) h s l \/ 0.65 );\n\t\t\t\t\t--srfm-color-input-background: hsl( from var(--ast-global-color-2) h s l \/ 0.02 );\n\t\t\t\t\t--srfm-color-input-background-hover: hsl( from var(--ast-global-color-2) h s l \/ 0.05 );\n\t\t\t\t\t--srfm-color-input-background-disabled: hsl( from var(--ast-global-color-2) h s l \/ 0.07 );\n\t\t\t\t\t--srfm-color-input-border: hsl( from var(--ast-global-color-2) h s l \/ 0.25 );\n\t\t\t\t\t--srfm-color-input-border-disabled: hsl( from var(--ast-global-color-2) h s l \/ 0.15 );\n\t\t\t\t\t--srfm-color-multi-choice-svg: hsl( from var(--ast-global-color-2) h s l \/ 0.7 );\n\t\t\t\t\t--srfm-color-input-border-hover: hsl( from var(--ast-global-color-0) h s l \/ 0.65 );\n\t\t\t\t\t--srfm-color-input-border-focus-glow: hsl( from var(--ast-global-color-0) h s l \/ 0.15 );\n\t\t\t\t\t--srfm-color-input-selected: hsl( from var(--ast-global-color-0) h s l \/ 0.1 );\n\t\t\t\t\t--srfm-btn-color-hover: hsl( from var(--ast-global-color-0) h s l \/ 0.9 );\n\t\t\t\t\t--srfm-btn-color-disabled: hsl( from var(--ast-global-color-0) h s l \/ 0.25 );\n\n\t\t\t\t\t\/* Dropdown Variables *\/\n\t\t\t\t\t--srfm-dropdown-input-background-hover: hsl( from var(--ast-global-color-2) h s l \/ 0.05 );\n\t\t\t\t\t--srfm-dropdown-option-background-hover: hsl( from var(--ast-global-color-2) h s l \/ 0.10 );\n\t\t\t\t\t--srfm-dropdown-option-background-selected: hsl( from var(--ast-global-color-2) h s l \/ 0.05 );\n\t\t\t\t\t--srfm-dropdown-option-selected-icon: hsl( from var(--ast-global-color-2) h s l \/ 0.65 );\n\t\t\t\t\t--srfm-dropdown-option-text-color: hsl( from var(--ast-global-color-2) h s l \/ 0.80 );\n\t\t\t\t\t--srfm-dropdown-option-selected-text: var(--ast-global-color-2);\n\t\t\t\t\t--srfm-dropdown-badge-background: hsl( from var(--ast-global-color-2) h s l \/ 0.05 );\n\t\t\t\t\t--srfm-dropdown-badge-background-hover: hsl( from var(--ast-global-color-2) h s l \/ 0.10 );\n\t\t\t\t\t--srfm-dropdown-menu-border-color: hsl( from var(--ast-global-color-2) h s l \/ 0.10 );\n\t\t\t\t\t--srfm-dropdown-placeholder-color: hsl( from var(--ast-global-color-2) h s l \/ 0.50 );\n\t\t\t\t\t--srfm-dropdown-icon-color: hsl( from var(--ast-global-color-2) h s l \/ 0.65 );\n\t\t\t\t\t--srfm-dropdown-icon-disabled: hsl( from var(--ast-global-color-2) h s l \/ 0.25 );\n\n\t\t\t\t\t\/* Background Control Variables *\/\n\t\t\t\t\t--srfm-instant-form-padding-top: 32px;--srfm-instant-form-padding-right: 32px;--srfm-instant-form-padding-bottom: 32px;--srfm-instant-form-padding-left: 32px;--srfm-instant-form-border-radius-top: 12px;--srfm-instant-form-border-radius-right: 12px;--srfm-instant-form-border-radius-bottom: 12px;--srfm-instant-form-border-radius-left: 12px;--srfm-form-padding-top: 0px;--srfm-form-padding-right: 0px;--srfm-form-padding-bottom: 0px;--srfm-form-padding-left: 0px;--srfm-form-border-radius-top: 0px;--srfm-form-border-radius-right: 0px;--srfm-form-border-radius-bottom: 0px;--srfm-form-border-radius-left: 0px;--srfm-bg-color: #ffffff;--srfm-bg-overlay-opacity: 1;\t\t\t\t\t--srfm-row-gap-between-blocks: 18px;--srfm-address-label-font-size: 16px;--srfm-address-label-line-height: 24px;--srfm-address-description-font-size: 14px;--srfm-address-description-line-height: 20px;--srfm-col-gap-between-fields: 16px;--srfm-row-gap-between-fields: 16px;--srfm-gap-below-address-label: 14px;--srfm-dropdown-font-size: 14px;--srfm-dropdown-gap-between-input-menu: 4px;--srfm-dropdown-badge-padding: 2px 6px;--srfm-dropdown-multiselect-font-size: 12px;--srfm-dropdown-multiselect-line-height: 16px;--srfm-dropdown-padding-right: 12px;--srfm-dropdown-padding-right-icon: calc( var( --srfm-dropdown-padding-right ) + 20px );--srfm-dropdown-multiselect-padding: 8px var( --srfm-dropdown-padding-right-icon ) 8px 8px;--srfm-input-height: 44px;--srfm-input-field-padding: 10px 12px;--srfm-input-field-font-size: 16px;--srfm-input-field-line-height: 24px;--srfm-input-field-margin-top: 6px;--srfm-input-field-margin-bottom: 6px;--srfm-checkbox-label-font-size: 16px;--srfm-checkbox-label-line-height: 24px;--srfm-checkbox-description-font-size: 14px;--srfm-checkbox-description-line-height: 20px;--srfm-check-ctn-width: 16px;--srfm-check-ctn-height: 16px;--srfm-check-svg-size: 10px;--srfm-checkbox-margin-top-frontend: 4px;--srfm-checkbox-margin-top-editor: 6px;--srfm-check-gap: 8px;--srfm-checkbox-description-margin-left: 24px;--srfm-flag-section-padding: 10px 0 10px 12px;--srfm-gap-between-icon-text: 8px;--srfm-label-font-size: 16px;--srfm-label-line-height: 24px;--srfm-description-font-size: 14px;--srfm-description-line-height: 20px;--srfm-btn-padding: 10px 14px;--srfm-btn-font-size: 16px;--srfm-btn-line-height: 24px;--srfm-multi-choice-horizontal-padding: 20px;--srfm-multi-choice-vertical-padding: 20px;--srfm-multi-choice-internal-option-gap: 8px;--srfm-multi-choice-vertical-svg-size: 40px;--srfm-multi-choice-horizontal-image-size: 24px;--srfm-multi-choice-vertical-image-size: 120px;--srfm-multi-choice-outer-padding: 2px;\t\t\t\t}\n\t\t\t<\/style>\n\t\t\t\t\t\t\t<form method=\"post\" enctype=\"multipart\/form-data\" id=\"srfm-form-2475\" class=\"srfm-form\"\n\t\t\t\tform-id=\"2475\" after-submission=\"hide form\" message-type=\"same page\" success-url=\"\" ajaxurl=\"https:\/\/donyanchem.com\/wp-admin\/admin-ajax.php\" data-submit-token=\"eb0dbc024f1d8e085426cf949e981022b7adb8fada054291861bec1fec156137\" action=\"\"\n\t\t\t\t>\n\t\t\t\t\n\t\t\t\t<input type=\"hidden\" value=\"2475\" name=\"form-id\">\n\t\t\t\t<input type=\"hidden\" value=\"\" name=\"srfm-sender-email-field\" id=\"srfm-sender-email\">\n\t\t\t\t<input type=\"hidden\" value=\"\" id=\"srfm-page-break\">\n\t\t\t\t\t\t\t\t\t<input type=\"hidden\" value=\"\" name=\"srfm-honeypot-field\">\n\t\t\t\t\t\t\t<p id=\"srfm-error-message\" class=\"srfm-common-error-message srfm-error-message srfm-head-error\" hidden>\t\t<span class=\"srfm-icon\" aria-hidden=\"true\">\n\t\t\t<svg xmlns='http:\/\/www.w3.org\/2000\/svg' width='20' height='20' fill='none'><path d='M9.99935 18.3327C14.6017 18.3327 18.3327 14.6017 18.3327 9.99935C18.3327 5.39698 14.6017 1.66602 9.99935 1.66602C5.39698 1.66602 1.66602 5.39698 1.66602 9.99935C1.66602 14.6017 5.39698 18.3327 9.99935 18.3327Z' stroke='currentColor' stroke-width='1.5' stroke-linecap='round' stroke-linejoin='round' \/><path d='M10 6.66602V9.99935' stroke='currentColor' stroke-width='1.5' stroke-linecap='round' stroke-linejoin='round' \/><path d='M10 13.334H10.0083' stroke='currentColor' stroke-width='1.5' stroke-linecap='round' stroke-linejoin='round' \/><\/svg>\t\t<\/span>\n\t\t<span class=\"srfm-error-content\">Formunuz g\u00f6nderilirken bir hata olu\u015ftu. L\u00fctfen tekrar deneyin.<\/span><\/p>\n\t\t\t\t\t<div data-block-id=\"60d87b1b\" class=\"srfm-block-single srfm-block srfm-input-block srf-input-60d87b1b-block  srfm-block-width-100 srfm-slug-enter-your-full-name 2397\" >\n\t\t\t\t\t\t\t\t\t\t<div class=\"srfm-block-wrap\">\n\t\t\t\t<input class=\"srfm-input-common srfm-input-input\" type=\"text\" name=\"srfm-input-60d87b1b-lbl-RW50ZXIgeW91ciBmdWxsIG5hbWU-enter-your-full-name\" id=\"srfm-input-60d87b1b-lbl-RW50ZXIgeW91ciBmdWxsIG5hbWU\"\n\t\t\t\t\taria-describedby='srfm-error-60d87b1b'\t\t\t\t\tdata-required=\"false\" aria-required=\"false\" data-unique=\"false\" maxlength=\"100\" value=\"\"  placeholder=\"Tam ad\u0131n\u0131z\u0131 girin\"  data-srfm-mask=\"none\"   \/>\n\t\t\t\t<\/div>\n\t\t\t\t<div class=\"srfm-error-wrap\">\n\t\t\t\t\t\t\t\t\t\t<div class=\"srfm-error-message\" data-srfm-id=\"srfm-error-60d87b1b\" data-error-msg=\"This field is required.\" data-unique-msg=\"Value needs to be unique.\">\n\t\t\t\t\t\tBu alan zorunludur.\t\t\t\t\t<\/div>\n\t\t\t\t\t\t\t\t\t<\/div>\n\t\t\t<\/div>\n\t\t\n\n\t\t\t<div data-block-id=\"fbc8c2f3\" class=\"srfm-block-single srfm-block srfm-input-block srf-input-fbc8c2f3-block  srfm-block-width-100 srfm-slug-phone-number 2397\" >\n\t\t\t\t\t\t\t\t\t\t<div class=\"srfm-block-wrap\">\n\t\t\t\t<input class=\"srfm-input-common srfm-input-input\" type=\"text\" name=\"srfm-input-fbc8c2f3-lbl-UGhvbmUgbnVtYmVy-phone-number\" id=\"srfm-input-fbc8c2f3-lbl-UGhvbmUgbnVtYmVy\"\n\t\t\t\t\taria-describedby='srfm-error-fbc8c2f3'\t\t\t\t\tdata-required=\"false\" aria-required=\"false\" data-unique=\"false\" maxlength=\"100\" value=\"\"  placeholder=\"Telefon numaras\u0131\"  data-srfm-mask=\"none\"   \/>\n\t\t\t\t<\/div>\n\t\t\t\t<div class=\"srfm-error-wrap\">\n\t\t\t\t\t\t\t\t\t\t<div class=\"srfm-error-message\" data-srfm-id=\"srfm-error-fbc8c2f3\" data-error-msg=\"This field is required.\" data-unique-msg=\"Value needs to be unique.\">\n\t\t\t\t\t\tBu alan zorunludur.\t\t\t\t\t<\/div>\n\t\t\t\t\t\t\t\t\t<\/div>\n\t\t\t<\/div>\n\t\t\n\n\t\t\t<div data-block-id=\"f9fe6c7b\" class=\"srfm-block-single srfm-block srfm-email-block srf-email-f9fe6c7b-block  srfm-block-width-100 srfm-slug-your-email 2397 srfm-email-block-wrap\">\n\t\t\t\t<div class=\"srfm-email-block srf-email-f9fe6c7b-block\">\n\t\t\t\t\t\t\t\t\t\t\t\t\t\t\t<div class=\"srfm-block-wrap\">\n\t\t\t\t\t\t<input class=\"srfm-input-common srfm-input-email\" type=\"email\" name=\"srfm-email-f9fe6c7b-lbl-WW91ciBlbWFpbA-your-email\" id=\"srfm-email-f9fe6c7b-lbl-WW91ciBlbWFpbA\"\n\t\t\t\t\t\taria-describedby='srfm-error-f9fe6c7b'\t\t\t\t\t\tdata-required=\"false\" aria-required=\"false\" data-unique=\"false\" value=\"\"  placeholder=\"E-postan\u0131z\"   \/>\n\t\t\t\t\t<\/div>\n\t\t\t\t\t<div class=\"srfm-error-wrap\">\n\t\t\t\t\t\t\t\t\t\t\t<div class=\"srfm-error-message\" data-srfm-id=\"srfm-error-f9fe6c7b\" data-error-msg=\"This field is required.\" data-unique-msg=\"Value needs to be unique.\">\n\t\t\t\t\t\tBu alan zorunludur.\t\t\t\t\t<\/div>\n\t\t\t\t\t\t\t\t\t\t<\/div>\n\t\t\t\t<\/div>\n\t\t\t\t\t\t\t<\/div>\n\t\t\n\n\t\t\t<div data-block-id=\"2ae8e708\" class=\"srfm-block-single srfm-block srfm-input-block srf-input-2ae8e708-block  srfm-block-width-100 srfm-slug-service-description 2397\" >\n\t\t\t\t\t\t\t\t\t\t<div class=\"srfm-block-wrap\">\n\t\t\t\t<input class=\"srfm-input-common srfm-input-input\" type=\"text\" name=\"srfm-input-2ae8e708-lbl-U2VydmljZSBkZXNjcmlwdGlvbg-service-description\" id=\"srfm-input-2ae8e708-lbl-U2VydmljZSBkZXNjcmlwdGlvbg\"\n\t\t\t\t\taria-describedby='srfm-error-2ae8e708'\t\t\t\t\tdata-required=\"false\" aria-required=\"false\" data-unique=\"false\" maxlength=\"100\" value=\"\"  placeholder=\"Hizmet a\u00e7\u0131klamas\u0131\"  data-srfm-mask=\"none\"   \/>\n\t\t\t\t<\/div>\n\t\t\t\t<div class=\"srfm-error-wrap\">\n\t\t\t\t\t\t\t\t\t\t<div class=\"srfm-error-message\" data-srfm-id=\"srfm-error-2ae8e708\" data-error-msg=\"This field is required.\" data-unique-msg=\"Value needs to be unique.\">\n\t\t\t\t\t\tBu alan zorunludur.\t\t\t\t\t<\/div>\n\t\t\t\t\t\t\t\t\t<\/div>\n\t\t\t<\/div>\n\t\t\n\n\t\t<div data-block-id=\"b79b54a0\" class=\"srfm-block-single srfm-block srfm-textarea-block srf-textarea-b79b54a0-block  srfm-block-width-100 2397\">\n\t\t\t\t\t\t\t\t\t<div class=\"srfm-block-wrap\">\n\t\t\t\t<textarea\n\t\t\t\t\tclass=\"srfm-input-common srfm-input-textarea\"\n\t\t\t\t\tname=\"srfm-textarea-b79b54a0-lbl-TWVzc2FnZQ-message\"\n\t\t\t\t\tid=\"srfm-textarea-b79b54a0-lbl-TWVzc2FnZQ-9919\"\n\t\t\t\t\taria-describedby='srfm-error-b79b54a0'\t\t\t\t\tdata-required=\"false\" aria-required=\"false\"  rows=\"4\"   placeholder=\"Mesaj\" \t\t\t\t\t\t\t\t\t\t\t\t\t\t\t><\/textarea>\n\t\t\t\t\t\t\t<\/div>\n\t\t\t<div class=\"srfm-error-wrap\">\n\t\t\t\t\t\t\t<\/div>\n\t\t<\/div>\n\n\t\t\t\t\t\t\t\n\t\t\t\t\t\n\t\t\t\t\t<div class=\"srfm-submit-container\" style=\"\">\n\t\t\t\t\t\t<div style=\"width: ; text-align: left\" class=\"wp-block-button\">\n\t\t\t\t\t\t\t\t\t\t\t\t\t\t\t\t\t\t\t<button style=\"\" id=\"srfm-submit-btn\" class=\"srfm-btn-frontend srfm-button srfm-submit-button\"\n\t\t\t\t\t\t\t\t\t\t\t\t\t\t>\n\t\t\t\t\t\t\t\t<div class=\"srfm-submit-wrap\">\n\t\t\t\t\t\t\t\t\t\u00dcCRETS\u0130Z TEKL\u0130F ALIN\t\t\t\t\t\t\t\t<div class=\"srfm-loader\"><\/div>\n\t\t\t\t\t\t\t\t<\/div>\n\t\t\t\t\t\t\t<\/button>\n\t\t\t\t\t\t\t\t\t\t\t\t\t\t\t\t\t\t<\/div>\n\t\t\t\t\t<\/div>\n\t\t\t\t\t\t\t<p id=\"srfm-error-message\" class=\"srfm-common-error-message srfm-error-message srfm-footer-error\" hidden>\t\t<span class=\"srfm-icon\" aria-hidden=\"true\">\n\t\t\t<svg xmlns='http:\/\/www.w3.org\/2000\/svg' width='20' height='20' fill='none'><path d='M9.99935 18.3327C14.6017 18.3327 18.3327 14.6017 18.3327 9.99935C18.3327 5.39698 14.6017 1.66602 9.99935 1.66602C5.39698 1.66602 1.66602 5.39698 1.66602 9.99935C1.66602 14.6017 5.39698 18.3327 9.99935 18.3327Z' stroke='currentColor' stroke-width='1.5' stroke-linecap='round' stroke-linejoin='round' \/><path d='M10 6.66602V9.99935' stroke='currentColor' stroke-width='1.5' stroke-linecap='round' stroke-linejoin='round' \/><path d='M10 13.334H10.0083' stroke='currentColor' stroke-width='1.5' stroke-linecap='round' stroke-linejoin='round' \/><\/svg>\t\t<\/span>\n\t\t<span class=\"srfm-error-content\">Formunuz g\u00f6nderilirken bir hata olu\u015ftu. L\u00fctfen tekrar deneyin.<\/span><\/p>\n\t\t\t\t\t<input type=\"hidden\" name=\"trp-form-language\" value=\"tr\"\/><\/form>\n\t\t\t<div class=\"srfm-single-form srfm-success-box in-page\">\n\t\t\t\t<div aria-live=\"polite\" aria-atomic=\"true\" role=\"alert\" id=\"srfm-success-message-page-2475\" class=\"srfm-success-box-description\"><\/div>\n\t\t\t<\/div>\n\t\t\t\t\t\t<\/div>\n\t\t\n<p>&nbsp;<\/p>","protected":false},"excerpt":{"rendered":"<p><strong>Gas One B\u00fctan Yak\u0131t\u0131: Birinci S\u0131n\u0131f Ta\u015f\u0131nabilir Yak\u0131t \u00c7\u00f6z\u00fcm\u00fc\u00a0<\/strong><\/p>\n<p>G\u00fcvenilirlik ve en y\u00fcksek performans i\u00e7in tasarlanan b\u00fctan yak\u0131t t\u00fcplerimiz, a\u00e7\u0131k hava merakl\u0131lar\u0131 ve profesyoneller i\u00e7in ideal olan saf ve y\u00fcksek safl\u0131kta gaz (\u226595%) sa\u011flar. Kompakt tasar\u0131m\u0131yla bu t\u00fcpler, kamp sobalar\u0131, ta\u015f\u0131nabilir \u0131s\u0131t\u0131c\u0131lar ve mutfak me\u015faleleri i\u00e7in ola\u011fan\u00fcst\u00fc ta\u015f\u0131nabilirlik sunar.<\/p>\n<p>*b\u00fctan i\u00e7eri\u011fi \u226595%<br \/>\n*\u0131s\u0131 miktar\u0131<br \/>\n*enerji tasarrufu<br \/>\n*hava ge\u00e7irmez valf<br \/>\n*EN417 ile uyumlu<\/p>\n<p>&nbsp;<\/p>","protected":false},"featured_media":3571,"comment_status":"closed","ping_status":"closed","template":"","meta":{"_uag_custom_page_level_css":"","site-sidebar-layout":"default","site-content-layout":"","ast-site-content-layout":"default","site-content-style":"default","site-sidebar-style":"default","ast-global-header-display":"","ast-banner-title-visibility":"","ast-main-header-display":"","ast-hfb-above-header-display":"","ast-hfb-below-header-display":"","ast-hfb-mobile-header-display":"","site-post-title":"","ast-breadcrumbs-content":"","ast-featured-img":"","footer-sml-layout":"","ast-disable-related-posts":"","theme-transparent-header-meta":"default","adv-header-id-meta":"","stick-header-meta":"","header-above-stick-meta":"","header-main-stick-meta":"","header-below-stick-meta":"","astra-migrate-meta-layouts":"set","ast-page-background-enabled":"default","ast-page-background-meta":{"desktop":{"background-color":"","background-image":"","background-repeat":"repeat","background-position":"center center","background-size":"auto","background-attachment":"scroll","background-type":"","background-media":"","overlay-type":"","overlay-color":"","overlay-opacity":"","overlay-gradient":""},"tablet":{"background-color":"","background-image":"","background-repeat":"repeat","background-position":"center center","background-size":"auto","background-attachment":"scroll","background-type":"","background-media":"","overlay-type":"","overlay-color":"","overlay-opacity":"","overlay-gradient":""},"mobile":{"background-color":"","background-image":"","background-repeat":"repeat","background-position":"center center","background-size":"auto","background-attachment":"scroll","background-type":"","background-media":"","overlay-type":"","overlay-color":"","overlay-opacity":"","overlay-gradient":""}},"ast-content-background-meta":{"desktop":{"background-color":"var(--ast-global-color-5)","background-image":"","background-repeat":"repeat","background-position":"center center","background-size":"auto","background-attachment":"scroll","background-type":"","background-media":"","overlay-type":"","overlay-color":"","overlay-opacity":"","overlay-gradient":""},"tablet":{"background-color":"var(--ast-global-color-5)","background-image":"","background-repeat":"repeat","background-position":"center center","background-size":"auto","background-attachment":"scroll","background-type":"","background-media":"","overlay-type":"","overlay-color":"","overlay-opacity":"","overlay-gradient":""},"mobile":{"background-color":"var(--ast-global-color-5)","background-image":"","background-repeat":"repeat","background-position":"center center","background-size":"auto","background-attachment":"scroll","background-type":"","background-media":"","overlay-type":"","overlay-color":"","overlay-opacity":"","overlay-gradient":""}},"jetpack_publicize_message":"","jetpack_publicize_feature_enabled":true,"jetpack_social_post_already_shared":true,"jetpack_social_options":{"image_generator_settings":{"template":"highway","default_image_id":0,"font":"","enabled":false},"version":2}},"product_brand":[106],"product_cat":[30],"product_tag":[137,136,135,139,138],"class_list":{"0":"post-3568","1":"product","2":"type-product","3":"status-publish","4":"has-post-thumbnail","6":"product_brand-aibo","7":"product_cat-butane-fuel-gas","8":"product_tag-8-oz-butane-canister","9":"product_tag-butane-fuel-canister","10":"product_tag-butane-gas-canister","11":"product_tag-camping-gas","12":"product_tag-canister-gas","13":"desktop-align-left","14":"tablet-align-left","15":"mobile-align-left","17":"first","18":"instock","19":"featured","20":"shipping-taxable","21":"product-type-simple"},"jetpack_publicize_connections":[],"uagb_featured_image_src":{"full":["https:\/\/i0.wp.com\/donyanchem.com\/wp-content\/uploads\/2025\/06\/DonYan-Gas-One-Butane-Fuel-DY-gas220-3.png?fit=600%2C600&ssl=1",600,600,false],"thumbnail":["https:\/\/i0.wp.com\/donyanchem.com\/wp-content\/uploads\/2025\/06\/DonYan-Gas-One-Butane-Fuel-DY-gas220-3.png?fit=150%2C150&ssl=1",150,150,true],"medium":["https:\/\/i0.wp.com\/donyanchem.com\/wp-content\/uploads\/2025\/06\/DonYan-Gas-One-Butane-Fuel-DY-gas220-3.png?fit=300%2C300&ssl=1",300,300,true],"medium_large":["https:\/\/i0.wp.com\/donyanchem.com\/wp-content\/uploads\/2025\/06\/DonYan-Gas-One-Butane-Fuel-DY-gas220-3.png?fit=600%2C600&ssl=1",600,600,true],"large":["https:\/\/i0.wp.com\/donyanchem.com\/wp-content\/uploads\/2025\/06\/DonYan-Gas-One-Butane-Fuel-DY-gas220-3.png?fit=600%2C600&ssl=1",600,600,true],"1536x1536":["https:\/\/i0.wp.com\/donyanchem.com\/wp-content\/uploads\/2025\/06\/DonYan-Gas-One-Butane-Fuel-DY-gas220-3.png?fit=600%2C600&ssl=1",600,600,true],"2048x2048":["https:\/\/i0.wp.com\/donyanchem.com\/wp-content\/uploads\/2025\/06\/DonYan-Gas-One-Butane-Fuel-DY-gas220-3.png?fit=600%2C600&ssl=1",600,600,true],"trp-custom-language-flag":["https:\/\/i0.wp.com\/donyanchem.com\/wp-content\/uploads\/2025\/06\/DonYan-Gas-One-Butane-Fuel-DY-gas220-3.png?fit=12%2C12&ssl=1",12,12,true],"woocommerce_thumbnail":["https:\/\/i0.wp.com\/donyanchem.com\/wp-content\/uploads\/2025\/06\/DonYan-Gas-One-Butane-Fuel-DY-gas220-3.png?fit=600%2C600&ssl=1",600,600,true],"woocommerce_single":["https:\/\/i0.wp.com\/donyanchem.com\/wp-content\/uploads\/2025\/06\/DonYan-Gas-One-Butane-Fuel-DY-gas220-3.png?fit=600%2C600&ssl=1",600,600,true],"woocommerce_gallery_thumbnail":["https:\/\/i0.wp.com\/donyanchem.com\/wp-content\/uploads\/2025\/06\/DonYan-Gas-One-Butane-Fuel-DY-gas220-3.png?resize=100%2C100&ssl=1",100,100,true]},"uagb_author_info":{"display_name":"DY Team","author_link":"https:\/\/donyanchem.com\/tr\/author\/"},"uagb_comment_info":0,"uagb_excerpt":"Gas One Butane Fuel : Premium Portable Fuel Solution\u00a0 Engineered for reliability and peak performance, our butane fuel canisters deliver pure, high-purity gas (\u226595%) ideal for outdoor enthusiasts and professionals. With a\u00a0compact design, these cylinders offer exceptional portability for camping stoves, portable heaters, and culinary torches. *butane content \u226595% *heat quantity *energy conservation *air tight&hellip;","jetpack_likes_enabled":true,"jetpack_sharing_enabled":true,"_links":{"self":[{"href":"https:\/\/donyanchem.com\/tr\/wp-json\/wp\/v2\/product\/3568","targetHints":{"allow":["GET"]}}],"collection":[{"href":"https:\/\/donyanchem.com\/tr\/wp-json\/wp\/v2\/product"}],"about":[{"href":"https:\/\/donyanchem.com\/tr\/wp-json\/wp\/v2\/types\/product"}],"replies":[{"embeddable":true,"href":"https:\/\/donyanchem.com\/tr\/wp-json\/wp\/v2\/comments?post=3568"}],"wp:featuredmedia":[{"embeddable":true,"href":"https:\/\/donyanchem.com\/tr\/wp-json\/wp\/v2\/media\/3571"}],"wp:attachment":[{"href":"https:\/\/donyanchem.com\/tr\/wp-json\/wp\/v2\/media?parent=3568"}],"wp:term":[{"taxonomy":"product_brand","embeddable":true,"href":"https:\/\/donyanchem.com\/tr\/wp-json\/wp\/v2\/product_brand?post=3568"},{"taxonomy":"product_cat","embeddable":true,"href":"https:\/\/donyanchem.com\/tr\/wp-json\/wp\/v2\/product_cat?post=3568"},{"taxonomy":"product_tag","embeddable":true,"href":"https:\/\/donyanchem.com\/tr\/wp-json\/wp\/v2\/product_tag?post=3568"}],"curies":[{"name":"wp","href":"https:\/\/api.w.org\/{rel}","templated":true}]}}