{"id":3809,"date":"2025-07-22T06:32:44","date_gmt":"2025-07-22T06:32:44","guid":{"rendered":"https:\/\/donyanchem.com\/?post_type=product&#038;p=3809"},"modified":"2025-07-22T06:39:52","modified_gmt":"2025-07-22T06:39:52","slug":"alpine-gas-cylinder-dy-alp450","status":"publish","type":"product","link":"https:\/\/donyanchem.com\/tr\/product\/alpine-gas-cylinder-dy-alp450\/","title":{"rendered":"DonYan Alpine Gaz Silindiri DY-alp450"},"content":{"rendered":"<h1><a href=\"https:\/\/donyanchem.com\/tr\/product-category\/butane-fuel-gas\/\">Alpine Gaz Silindiri<\/a> DY-alp450<\/h1>\n<h1>DonYanCold Bas\u0131nca dayan\u0131kl\u0131<\/h1>\n<p>&nbsp;<\/p>\n<h5>En zorlu ortamlar i\u00e7in tasarlanan bu Alpine Gaz T\u00fcp\u00fc, a\u00e7\u0131k hava maceralar\u0131n\u0131zda vazge\u00e7ilmez bir yol arkada\u015f\u0131n\u0131zd\u0131r. Bilimsel olarak form\u00fcle edilmi\u015f 25% Propan ve 75% \u0130zob\u00fctan kar\u0131\u015f\u0131m\u0131yla, a\u015f\u0131r\u0131 so\u011fuk ve y\u00fcksek irtifalarda bile istikrarl\u0131 ve verimli yak\u0131t da\u011f\u0131t\u0131m\u0131 sa\u011flar.<\/h5>\n<h5><\/h5>\n<h5>Propan\u0131n ultra d\u00fc\u015f\u00fck kaynama noktas\u0131 (yakla\u015f\u0131k -42\u00b0C) ve izob\u00fctan\u0131n m\u00fckemmel d\u00fc\u015f\u00fck s\u0131cakl\u0131kta buharla\u015fma performans\u0131 (yakla\u015f\u0131k -12\u00b0C) bir araya geldi\u011finde, geleneksel b\u00fctan\u0131n so\u011fuk ko\u015fullarda kar\u015f\u0131la\u015ft\u0131\u011f\u0131 verimsiz yanma sorununu etkili bir \u015fekilde ortadan kald\u0131r\u0131r ve donma noktas\u0131n\u0131n alt\u0131nda bile tutarl\u0131 alev sa\u011flar.<\/h5>\n<p>&nbsp;<\/p>\n<p><strong>Temel \u00d6zellikler:<\/strong><br \/>\n\u2705<strong>Gaz Bile\u015fimi<\/strong>: Propan 25%, \u0130zob\u00fctan 75%<br \/>\n\u2705<strong>Net a\u011f\u0131rl\u0131\u011f\u0131:<\/strong> (L\u00fctfen buraya net a\u011f\u0131rl\u0131\u011f\u0131 girin, \u00f6rne\u011fin 230g \/ 450g)<br \/>\n\u2705<strong>Uyumluluk:<\/strong> Uluslararas\u0131 Standart Vidal\u0131 Vana (EN417 Lindal Vana)<br \/>\n\u2705<strong>Kaynama Noktas\u0131 Aral\u0131\u011f\u0131:<\/strong> Propan yakla\u015f\u0131k.<br \/>\n\u2705<b>Kutu Malzemesi:<\/b> Y\u00fcksek mukavemetli \u00e7elik<br \/>\n\u2705<b>G\u00fcvenlik Sertifikas\u0131:<\/b> Uluslararas\u0131 G\u00fcvenlik Standartlar\u0131na (\u00f6rne\u011fin CE, TUV veya di\u011fer ge\u00e7erli sertifikalar) uygundur<\/p>\n<p>&nbsp;<\/p>\n<p>Bu Alpine Gaz T\u00fcp\u00fc, her t\u00fcrl\u00fc a\u00e7\u0131k hava maceran\u0131z\u0131n tam g\u00fc\u00e7le ger\u00e7ekle\u015fmesini sa\u011flayarak, zorlu ortamlar\u0131 fethetmek i\u00e7in g\u00fcvenilir bir se\u00e7imdir.<\/p>\n<p>&nbsp;<\/p>\n<h3><img data-recalc-dims=\"1\" fetchpriority=\"high\" decoding=\"async\" class=\"alignnone wp-image-3800\" src=\"https:\/\/i0.wp.com\/donyanchem.com\/wp-content\/uploads\/2025\/07\/DonYan-alpine-gas-cylinder.png?resize=790%2C5643&#038;ssl=1\" alt=\"DonYan alpine gaz t\u00fcp\u00fc\" width=\"790\" height=\"5643\" title=\"\"><\/h3>\n<p>&nbsp;<\/p>\n<h4><\/h4>\n<p>&nbsp;<\/p>\n<p>&nbsp;<\/p>\n<p><!--more--><\/p>\n\t\t\t<div class=\"srfm-form-container srfm-form-container-2475 srfm-bg-color\">\n\t\t\t<style>\n\t\t\t\t\/* Need to check and remove the input variables related to the Style Tab. *\/\n\t\t\t\t.srfm-form-container-2475 {\n\t\t\t\t\t\/* New test variables *\/\n\t\t\t\t\t--srfm-color-scheme-primary: var(--ast-global-color-0);\n\t\t\t\t\t--srfm-color-scheme-text-on-primary: #FFFFFF;\n\t\t\t\t\t--srfm-color-scheme-text: var(--ast-global-color-2);\n\t\t\t\t\t--srfm-quill-editor-color: var(--ast-global-color-0);\n\n\t\t\t\t\t--srfm-color-input-label: var(--ast-global-color-2);\n\t\t\t\t\t--srfm-color-input-description: hsl( from var(--ast-global-color-2) h s l \/ 0.65 );\n\t\t\t\t\t--srfm-color-input-placeholder: hsl( from var(--ast-global-color-2) h s l \/ 0.5 );\n\t\t\t\t\t--srfm-color-input-text: var(--ast-global-color-2);\n\t\t\t\t\t--srfm-color-input-prefix: hsl( from var(--ast-global-color-2) h s l \/ 0.65 );\n\t\t\t\t\t--srfm-color-input-background: hsl( from var(--ast-global-color-2) h s l \/ 0.02 );\n\t\t\t\t\t--srfm-color-input-background-hover: hsl( from var(--ast-global-color-2) h s l \/ 0.05 );\n\t\t\t\t\t--srfm-color-input-background-disabled: hsl( from var(--ast-global-color-2) h s l \/ 0.07 );\n\t\t\t\t\t--srfm-color-input-border: hsl( from var(--ast-global-color-2) h s l \/ 0.25 );\n\t\t\t\t\t--srfm-color-input-border-disabled: hsl( from var(--ast-global-color-2) h s l \/ 0.15 );\n\t\t\t\t\t--srfm-color-multi-choice-svg: hsl( from var(--ast-global-color-2) h s l \/ 0.7 );\n\t\t\t\t\t--srfm-color-input-border-hover: hsl( from var(--ast-global-color-0) h s l \/ 0.65 );\n\t\t\t\t\t--srfm-color-input-border-focus-glow: hsl( from var(--ast-global-color-0) h s l \/ 0.15 );\n\t\t\t\t\t--srfm-color-input-selected: hsl( from var(--ast-global-color-0) h s l \/ 0.1 );\n\t\t\t\t\t--srfm-btn-color-hover: hsl( from var(--ast-global-color-0) h s l \/ 0.9 );\n\t\t\t\t\t--srfm-btn-color-disabled: hsl( from var(--ast-global-color-0) h s l \/ 0.25 );\n\n\t\t\t\t\t\/* Dropdown Variables *\/\n\t\t\t\t\t--srfm-dropdown-input-background-hover: hsl( from var(--ast-global-color-2) h s l \/ 0.05 );\n\t\t\t\t\t--srfm-dropdown-option-background-hover: hsl( from var(--ast-global-color-2) h s l \/ 0.10 );\n\t\t\t\t\t--srfm-dropdown-option-background-selected: hsl( from var(--ast-global-color-2) h s l \/ 0.05 );\n\t\t\t\t\t--srfm-dropdown-option-selected-icon: hsl( from var(--ast-global-color-2) h s l \/ 0.65 );\n\t\t\t\t\t--srfm-dropdown-option-text-color: hsl( from var(--ast-global-color-2) h s l \/ 0.80 );\n\t\t\t\t\t--srfm-dropdown-option-selected-text: var(--ast-global-color-2);\n\t\t\t\t\t--srfm-dropdown-badge-background: hsl( from var(--ast-global-color-2) h s l \/ 0.05 );\n\t\t\t\t\t--srfm-dropdown-badge-background-hover: hsl( from var(--ast-global-color-2) h s l \/ 0.10 );\n\t\t\t\t\t--srfm-dropdown-menu-border-color: hsl( from var(--ast-global-color-2) h s l \/ 0.10 );\n\t\t\t\t\t--srfm-dropdown-placeholder-color: hsl( from var(--ast-global-color-2) h s l \/ 0.50 );\n\t\t\t\t\t--srfm-dropdown-icon-color: hsl( from var(--ast-global-color-2) h s l \/ 0.65 );\n\t\t\t\t\t--srfm-dropdown-icon-disabled: hsl( from var(--ast-global-color-2) h s l \/ 0.25 );\n\n\t\t\t\t\t\/* Background Control Variables *\/\n\t\t\t\t\t--srfm-instant-form-padding-top: 32px;--srfm-instant-form-padding-right: 32px;--srfm-instant-form-padding-bottom: 32px;--srfm-instant-form-padding-left: 32px;--srfm-instant-form-border-radius-top: 12px;--srfm-instant-form-border-radius-right: 12px;--srfm-instant-form-border-radius-bottom: 12px;--srfm-instant-form-border-radius-left: 12px;--srfm-form-padding-top: 0px;--srfm-form-padding-right: 0px;--srfm-form-padding-bottom: 0px;--srfm-form-padding-left: 0px;--srfm-form-border-radius-top: 0px;--srfm-form-border-radius-right: 0px;--srfm-form-border-radius-bottom: 0px;--srfm-form-border-radius-left: 0px;--srfm-bg-color: #ffffff;--srfm-bg-overlay-opacity: 1;\t\t\t\t\t--srfm-row-gap-between-blocks: 18px;--srfm-address-label-font-size: 16px;--srfm-address-label-line-height: 24px;--srfm-address-description-font-size: 14px;--srfm-address-description-line-height: 20px;--srfm-col-gap-between-fields: 16px;--srfm-row-gap-between-fields: 16px;--srfm-gap-below-address-label: 14px;--srfm-dropdown-font-size: 14px;--srfm-dropdown-gap-between-input-menu: 4px;--srfm-dropdown-badge-padding: 2px 6px;--srfm-dropdown-multiselect-font-size: 12px;--srfm-dropdown-multiselect-line-height: 16px;--srfm-dropdown-padding-right: 12px;--srfm-dropdown-padding-right-icon: calc( var( --srfm-dropdown-padding-right ) + 20px );--srfm-dropdown-multiselect-padding: 8px var( --srfm-dropdown-padding-right-icon ) 8px 8px;--srfm-input-height: 44px;--srfm-input-field-padding: 10px 12px;--srfm-input-field-font-size: 16px;--srfm-input-field-line-height: 24px;--srfm-input-field-margin-top: 6px;--srfm-input-field-margin-bottom: 6px;--srfm-checkbox-label-font-size: 16px;--srfm-checkbox-label-line-height: 24px;--srfm-checkbox-description-font-size: 14px;--srfm-checkbox-description-line-height: 20px;--srfm-check-ctn-width: 16px;--srfm-check-ctn-height: 16px;--srfm-check-svg-size: 10px;--srfm-checkbox-margin-top-frontend: 4px;--srfm-checkbox-margin-top-editor: 6px;--srfm-check-gap: 8px;--srfm-checkbox-description-margin-left: 24px;--srfm-flag-section-padding: 10px 0 10px 12px;--srfm-gap-between-icon-text: 8px;--srfm-label-font-size: 16px;--srfm-label-line-height: 24px;--srfm-description-font-size: 14px;--srfm-description-line-height: 20px;--srfm-btn-padding: 10px 14px;--srfm-btn-font-size: 16px;--srfm-btn-line-height: 24px;--srfm-multi-choice-horizontal-padding: 20px;--srfm-multi-choice-vertical-padding: 20px;--srfm-multi-choice-internal-option-gap: 8px;--srfm-multi-choice-vertical-svg-size: 40px;--srfm-multi-choice-horizontal-image-size: 24px;--srfm-multi-choice-vertical-image-size: 120px;--srfm-multi-choice-outer-padding: 2px;\t\t\t\t}\n\t\t\t<\/style>\n\t\t\t\t\t\t\t<form method=\"post\" enctype=\"multipart\/form-data\" id=\"srfm-form-2475\" class=\"srfm-form\"\n\t\t\t\tform-id=\"2475\" after-submission=\"hide form\" message-type=\"same page\" success-url=\"\" ajaxurl=\"https:\/\/donyanchem.com\/wp-admin\/admin-ajax.php\" data-submit-token=\"eb0dbc024f1d8e085426cf949e981022b7adb8fada054291861bec1fec156137\" action=\"\"\n\t\t\t\t>\n\t\t\t\t\n\t\t\t\t<input type=\"hidden\" value=\"2475\" name=\"form-id\">\n\t\t\t\t<input type=\"hidden\" value=\"\" name=\"srfm-sender-email-field\" id=\"srfm-sender-email\">\n\t\t\t\t<input type=\"hidden\" value=\"\" id=\"srfm-page-break\">\n\t\t\t\t\t\t\t\t\t<input type=\"hidden\" value=\"\" name=\"srfm-honeypot-field\">\n\t\t\t\t\t\t\t<p id=\"srfm-error-message\" class=\"srfm-common-error-message srfm-error-message srfm-head-error\" hidden>\t\t<span class=\"srfm-icon\" aria-hidden=\"true\">\n\t\t\t<svg xmlns='http:\/\/www.w3.org\/2000\/svg' width='20' height='20' fill='none'><path d='M9.99935 18.3327C14.6017 18.3327 18.3327 14.6017 18.3327 9.99935C18.3327 5.39698 14.6017 1.66602 9.99935 1.66602C5.39698 1.66602 1.66602 5.39698 1.66602 9.99935C1.66602 14.6017 5.39698 18.3327 9.99935 18.3327Z' stroke='currentColor' stroke-width='1.5' stroke-linecap='round' stroke-linejoin='round' \/><path d='M10 6.66602V9.99935' stroke='currentColor' stroke-width='1.5' stroke-linecap='round' stroke-linejoin='round' \/><path d='M10 13.334H10.0083' stroke='currentColor' stroke-width='1.5' stroke-linecap='round' stroke-linejoin='round' \/><\/svg>\t\t<\/span>\n\t\t<span class=\"srfm-error-content\">Formunuz g\u00f6nderilirken bir hata olu\u015ftu. L\u00fctfen tekrar deneyin.<\/span><\/p>\n\t\t\t\t\t<div data-block-id=\"60d87b1b\" class=\"srfm-block-single srfm-block srfm-input-block srf-input-60d87b1b-block  srfm-block-width-100 srfm-slug-enter-your-full-name 2397\" >\n\t\t\t\t\t\t\t\t\t\t<div class=\"srfm-block-wrap\">\n\t\t\t\t<input class=\"srfm-input-common srfm-input-input\" type=\"text\" name=\"srfm-input-60d87b1b-lbl-RW50ZXIgeW91ciBmdWxsIG5hbWU-enter-your-full-name\" id=\"srfm-input-60d87b1b-lbl-RW50ZXIgeW91ciBmdWxsIG5hbWU\"\n\t\t\t\t\taria-describedby='srfm-error-60d87b1b'\t\t\t\t\tdata-required=\"false\" aria-required=\"false\" data-unique=\"false\" maxlength=\"100\" value=\"\"  placeholder=\"Tam ad\u0131n\u0131z\u0131 girin\"  data-srfm-mask=\"none\"   \/>\n\t\t\t\t<\/div>\n\t\t\t\t<div class=\"srfm-error-wrap\">\n\t\t\t\t\t\t\t\t\t\t<div class=\"srfm-error-message\" data-srfm-id=\"srfm-error-60d87b1b\" data-error-msg=\"This field is required.\" data-unique-msg=\"Value needs to be unique.\">\n\t\t\t\t\t\tBu alan zorunludur.\t\t\t\t\t<\/div>\n\t\t\t\t\t\t\t\t\t<\/div>\n\t\t\t<\/div>\n\t\t\n\n\t\t\t<div data-block-id=\"fbc8c2f3\" class=\"srfm-block-single srfm-block srfm-input-block srf-input-fbc8c2f3-block  srfm-block-width-100 srfm-slug-phone-number 2397\" >\n\t\t\t\t\t\t\t\t\t\t<div class=\"srfm-block-wrap\">\n\t\t\t\t<input class=\"srfm-input-common srfm-input-input\" type=\"text\" name=\"srfm-input-fbc8c2f3-lbl-UGhvbmUgbnVtYmVy-phone-number\" id=\"srfm-input-fbc8c2f3-lbl-UGhvbmUgbnVtYmVy\"\n\t\t\t\t\taria-describedby='srfm-error-fbc8c2f3'\t\t\t\t\tdata-required=\"false\" aria-required=\"false\" data-unique=\"false\" maxlength=\"100\" value=\"\"  placeholder=\"Telefon numaras\u0131\"  data-srfm-mask=\"none\"   \/>\n\t\t\t\t<\/div>\n\t\t\t\t<div class=\"srfm-error-wrap\">\n\t\t\t\t\t\t\t\t\t\t<div class=\"srfm-error-message\" data-srfm-id=\"srfm-error-fbc8c2f3\" data-error-msg=\"This field is required.\" data-unique-msg=\"Value needs to be unique.\">\n\t\t\t\t\t\tBu alan zorunludur.\t\t\t\t\t<\/div>\n\t\t\t\t\t\t\t\t\t<\/div>\n\t\t\t<\/div>\n\t\t\n\n\t\t\t<div data-block-id=\"f9fe6c7b\" class=\"srfm-block-single srfm-block srfm-email-block srf-email-f9fe6c7b-block  srfm-block-width-100 srfm-slug-your-email 2397 srfm-email-block-wrap\">\n\t\t\t\t<div class=\"srfm-email-block srf-email-f9fe6c7b-block\">\n\t\t\t\t\t\t\t\t\t\t\t\t\t\t\t<div class=\"srfm-block-wrap\">\n\t\t\t\t\t\t<input class=\"srfm-input-common srfm-input-email\" type=\"email\" name=\"srfm-email-f9fe6c7b-lbl-WW91ciBlbWFpbA-your-email\" id=\"srfm-email-f9fe6c7b-lbl-WW91ciBlbWFpbA\"\n\t\t\t\t\t\taria-describedby='srfm-error-f9fe6c7b'\t\t\t\t\t\tdata-required=\"false\" aria-required=\"false\" data-unique=\"false\" value=\"\"  placeholder=\"E-postan\u0131z\"   \/>\n\t\t\t\t\t<\/div>\n\t\t\t\t\t<div class=\"srfm-error-wrap\">\n\t\t\t\t\t\t\t\t\t\t\t<div class=\"srfm-error-message\" data-srfm-id=\"srfm-error-f9fe6c7b\" data-error-msg=\"This field is required.\" data-unique-msg=\"Value needs to be unique.\">\n\t\t\t\t\t\tBu alan zorunludur.\t\t\t\t\t<\/div>\n\t\t\t\t\t\t\t\t\t\t<\/div>\n\t\t\t\t<\/div>\n\t\t\t\t\t\t\t<\/div>\n\t\t\n\n\t\t\t<div data-block-id=\"2ae8e708\" class=\"srfm-block-single srfm-block srfm-input-block srf-input-2ae8e708-block  srfm-block-width-100 srfm-slug-service-description 2397\" >\n\t\t\t\t\t\t\t\t\t\t<div class=\"srfm-block-wrap\">\n\t\t\t\t<input class=\"srfm-input-common srfm-input-input\" type=\"text\" name=\"srfm-input-2ae8e708-lbl-U2VydmljZSBkZXNjcmlwdGlvbg-service-description\" id=\"srfm-input-2ae8e708-lbl-U2VydmljZSBkZXNjcmlwdGlvbg\"\n\t\t\t\t\taria-describedby='srfm-error-2ae8e708'\t\t\t\t\tdata-required=\"false\" aria-required=\"false\" data-unique=\"false\" maxlength=\"100\" value=\"\"  placeholder=\"Hizmet a\u00e7\u0131klamas\u0131\"  data-srfm-mask=\"none\"   \/>\n\t\t\t\t<\/div>\n\t\t\t\t<div class=\"srfm-error-wrap\">\n\t\t\t\t\t\t\t\t\t\t<div class=\"srfm-error-message\" data-srfm-id=\"srfm-error-2ae8e708\" data-error-msg=\"This field is required.\" data-unique-msg=\"Value needs to be unique.\">\n\t\t\t\t\t\tBu alan zorunludur.\t\t\t\t\t<\/div>\n\t\t\t\t\t\t\t\t\t<\/div>\n\t\t\t<\/div>\n\t\t\n\n\t\t<div data-block-id=\"b79b54a0\" class=\"srfm-block-single srfm-block srfm-textarea-block srf-textarea-b79b54a0-block  srfm-block-width-100 2397\">\n\t\t\t\t\t\t\t\t\t<div class=\"srfm-block-wrap\">\n\t\t\t\t<textarea\n\t\t\t\t\tclass=\"srfm-input-common srfm-input-textarea\"\n\t\t\t\t\tname=\"srfm-textarea-b79b54a0-lbl-TWVzc2FnZQ-message\"\n\t\t\t\t\tid=\"srfm-textarea-b79b54a0-lbl-TWVzc2FnZQ-7697\"\n\t\t\t\t\taria-describedby='srfm-error-b79b54a0'\t\t\t\t\tdata-required=\"false\" aria-required=\"false\"  rows=\"4\"   placeholder=\"Mesaj\" \t\t\t\t\t\t\t\t\t\t\t\t\t\t\t><\/textarea>\n\t\t\t\t\t\t\t<\/div>\n\t\t\t<div class=\"srfm-error-wrap\">\n\t\t\t\t\t\t\t<\/div>\n\t\t<\/div>\n\n\t\t\t\t\t\t\t\n\t\t\t\t\t\n\t\t\t\t\t<div class=\"srfm-submit-container\" style=\"\">\n\t\t\t\t\t\t<div style=\"width: ; text-align: left\" class=\"wp-block-button\">\n\t\t\t\t\t\t\t\t\t\t\t\t\t\t\t\t\t\t\t<button style=\"\" id=\"srfm-submit-btn\" class=\"srfm-btn-frontend srfm-button srfm-submit-button\"\n\t\t\t\t\t\t\t\t\t\t\t\t\t\t>\n\t\t\t\t\t\t\t\t<div class=\"srfm-submit-wrap\">\n\t\t\t\t\t\t\t\t\t\u00dcCRETS\u0130Z TEKL\u0130F ALIN\t\t\t\t\t\t\t\t<div class=\"srfm-loader\"><\/div>\n\t\t\t\t\t\t\t\t<\/div>\n\t\t\t\t\t\t\t<\/button>\n\t\t\t\t\t\t\t\t\t\t\t\t\t\t\t\t\t\t<\/div>\n\t\t\t\t\t<\/div>\n\t\t\t\t\t\t\t<p id=\"srfm-error-message\" class=\"srfm-common-error-message srfm-error-message srfm-footer-error\" hidden>\t\t<span class=\"srfm-icon\" aria-hidden=\"true\">\n\t\t\t<svg xmlns='http:\/\/www.w3.org\/2000\/svg' width='20' height='20' fill='none'><path d='M9.99935 18.3327C14.6017 18.3327 18.3327 14.6017 18.3327 9.99935C18.3327 5.39698 14.6017 1.66602 9.99935 1.66602C5.39698 1.66602 1.66602 5.39698 1.66602 9.99935C1.66602 14.6017 5.39698 18.3327 9.99935 18.3327Z' stroke='currentColor' stroke-width='1.5' stroke-linecap='round' stroke-linejoin='round' \/><path d='M10 6.66602V9.99935' stroke='currentColor' stroke-width='1.5' stroke-linecap='round' stroke-linejoin='round' \/><path d='M10 13.334H10.0083' stroke='currentColor' stroke-width='1.5' stroke-linecap='round' stroke-linejoin='round' \/><\/svg>\t\t<\/span>\n\t\t<span class=\"srfm-error-content\">Formunuz g\u00f6nderilirken bir hata olu\u015ftu. L\u00fctfen tekrar deneyin.<\/span><\/p>\n\t\t\t\t\t<input type=\"hidden\" name=\"trp-form-language\" value=\"tr\"\/><\/form>\n\t\t\t<div class=\"srfm-single-form srfm-success-box in-page\">\n\t\t\t\t<div aria-live=\"polite\" aria-atomic=\"true\" role=\"alert\" id=\"srfm-success-message-page-2475\" class=\"srfm-success-box-description\"><\/div>\n\t\t\t<\/div>\n\t\t\t\t\t\t<\/div>\n\t\t\n<p>&nbsp;<\/p>","protected":false},"excerpt":{"rendered":"<p>DonYan Alpine Gaz Silindiri DY-alp450<\/p>\n<p>Alpine Gaz T\u00fcp\u00fcm\u00fcz, y\u00fcksek mukavemetli \u00e7elikten \u00fcretilmi\u015f ve s\u0131k\u0131 uluslararas\u0131 g\u00fcvenlik standartlar\u0131na uygun olarak g\u00fcvenlik ve dayan\u0131kl\u0131l\u0131\u011fa \u00f6ncelik verir. Hassas valf tasar\u0131m\u0131, ister kar eritip su elde ediyor olun ister s\u0131cak yemek pi\u015firiyor olun, istikrarl\u0131 ve kontrol edilebilir gaz \u00e7\u0131k\u0131\u015f\u0131 sa\u011flayarak g\u00fcvenilir enerji sunar.<\/p>\n<p>*Y\u00fcksek \u0130rtifa Da\u011fc\u0131l\u0131\u011f\u0131<br \/>\n*K\u0131\u015f Kamp\u0131 ve Gezileri<br \/>\n*A\u015f\u0131r\u0131 So\u011fuk B\u00f6lgelerdeki Operasyonlar<br \/>\n*Acil Durum Haz\u0131rl\u0131\u011f\u0131<\/p>","protected":false},"featured_media":3797,"comment_status":"closed","ping_status":"closed","template":"","meta":{"_uag_custom_page_level_css":"","site-sidebar-layout":"default","site-content-layout":"","ast-site-content-layout":"default","site-content-style":"default","site-sidebar-style":"default","ast-global-header-display":"","ast-banner-title-visibility":"","ast-main-header-display":"","ast-hfb-above-header-display":"","ast-hfb-below-header-display":"","ast-hfb-mobile-header-display":"","site-post-title":"","ast-breadcrumbs-content":"","ast-featured-img":"","footer-sml-layout":"","ast-disable-related-posts":"","theme-transparent-header-meta":"default","adv-header-id-meta":"","stick-header-meta":"","header-above-stick-meta":"","header-main-stick-meta":"","header-below-stick-meta":"","astra-migrate-meta-layouts":"set","ast-page-background-enabled":"default","ast-page-background-meta":{"desktop":{"background-color":"","background-image":"","background-repeat":"repeat","background-position":"center center","background-size":"auto","background-attachment":"scroll","background-type":"","background-media":"","overlay-type":"","overlay-color":"","overlay-opacity":"","overlay-gradient":""},"tablet":{"background-color":"","background-image":"","background-repeat":"repeat","background-position":"center center","background-size":"auto","background-attachment":"scroll","background-type":"","background-media":"","overlay-type":"","overlay-color":"","overlay-opacity":"","overlay-gradient":""},"mobile":{"background-color":"","background-image":"","background-repeat":"repeat","background-position":"center center","background-size":"auto","background-attachment":"scroll","background-type":"","background-media":"","overlay-type":"","overlay-color":"","overlay-opacity":"","overlay-gradient":""}},"ast-content-background-meta":{"desktop":{"background-color":"var(--ast-global-color-5)","background-image":"","background-repeat":"repeat","background-position":"center center","background-size":"auto","background-attachment":"scroll","background-type":"","background-media":"","overlay-type":"","overlay-color":"","overlay-opacity":"","overlay-gradient":""},"tablet":{"background-color":"var(--ast-global-color-5)","background-image":"","background-repeat":"repeat","background-position":"center center","background-size":"auto","background-attachment":"scroll","background-type":"","background-media":"","overlay-type":"","overlay-color":"","overlay-opacity":"","overlay-gradient":""},"mobile":{"background-color":"var(--ast-global-color-5)","background-image":"","background-repeat":"repeat","background-position":"center center","background-size":"auto","background-attachment":"scroll","background-type":"","background-media":"","overlay-type":"","overlay-color":"","overlay-opacity":"","overlay-gradient":""}},"jetpack_publicize_message":"","jetpack_publicize_feature_enabled":true,"jetpack_social_post_already_shared":true,"jetpack_social_options":{"image_generator_settings":{"template":"highway","default_image_id":0,"font":"","enabled":false},"version":2}},"product_brand":[106],"product_cat":[30],"product_tag":[136,135,139,138],"class_list":{"0":"post-3809","1":"product","2":"type-product","3":"status-publish","4":"has-post-thumbnail","6":"product_brand-aibo","7":"product_cat-butane-fuel-gas","8":"product_tag-butane-fuel-canister","9":"product_tag-butane-gas-canister","10":"product_tag-camping-gas","11":"product_tag-canister-gas","12":"desktop-align-left","13":"tablet-align-left","14":"mobile-align-left","16":"first","17":"instock","18":"shipping-taxable","19":"product-type-simple"},"jetpack_publicize_connections":[],"uagb_featured_image_src":{"full":["https:\/\/i0.wp.com\/donyanchem.com\/wp-content\/uploads\/2025\/07\/DonYan-alpine-gas-cylinder-DY-450g-1.png?fit=600%2C600&ssl=1",600,600,false],"thumbnail":["https:\/\/i0.wp.com\/donyanchem.com\/wp-content\/uploads\/2025\/07\/DonYan-alpine-gas-cylinder-DY-450g-1.png?fit=150%2C150&ssl=1",150,150,true],"medium":["https:\/\/i0.wp.com\/donyanchem.com\/wp-content\/uploads\/2025\/07\/DonYan-alpine-gas-cylinder-DY-450g-1.png?fit=300%2C300&ssl=1",300,300,true],"medium_large":["https:\/\/i0.wp.com\/donyanchem.com\/wp-content\/uploads\/2025\/07\/DonYan-alpine-gas-cylinder-DY-450g-1.png?fit=600%2C600&ssl=1",600,600,true],"large":["https:\/\/i0.wp.com\/donyanchem.com\/wp-content\/uploads\/2025\/07\/DonYan-alpine-gas-cylinder-DY-450g-1.png?fit=600%2C600&ssl=1",600,600,true],"1536x1536":["https:\/\/i0.wp.com\/donyanchem.com\/wp-content\/uploads\/2025\/07\/DonYan-alpine-gas-cylinder-DY-450g-1.png?fit=600%2C600&ssl=1",600,600,true],"2048x2048":["https:\/\/i0.wp.com\/donyanchem.com\/wp-content\/uploads\/2025\/07\/DonYan-alpine-gas-cylinder-DY-450g-1.png?fit=600%2C600&ssl=1",600,600,true],"trp-custom-language-flag":["https:\/\/i0.wp.com\/donyanchem.com\/wp-content\/uploads\/2025\/07\/DonYan-alpine-gas-cylinder-DY-450g-1.png?fit=12%2C12&ssl=1",12,12,true],"woocommerce_thumbnail":["https:\/\/i0.wp.com\/donyanchem.com\/wp-content\/uploads\/2025\/07\/DonYan-alpine-gas-cylinder-DY-450g-1.png?fit=600%2C600&ssl=1",600,600,true],"woocommerce_single":["https:\/\/i0.wp.com\/donyanchem.com\/wp-content\/uploads\/2025\/07\/DonYan-alpine-gas-cylinder-DY-450g-1.png?fit=600%2C600&ssl=1",600,600,true],"woocommerce_gallery_thumbnail":["https:\/\/i0.wp.com\/donyanchem.com\/wp-content\/uploads\/2025\/07\/DonYan-alpine-gas-cylinder-DY-450g-1.png?resize=100%2C100&ssl=1",100,100,true]},"uagb_author_info":{"display_name":"DY Team","author_link":"https:\/\/donyanchem.com\/tr\/author\/"},"uagb_comment_info":0,"uagb_excerpt":"DonYan Alpine Gas Cylinder DY-alp450 Our Alpine Gas Cylinder prioritizes safety and durability, constructed from high-strength steel and adhering to stringent international safety standards. The precision valve design guarantees stable and controllable gas output, offering reliable energy whether you're melting snow for water or cooking a hot meal. *High-Altitude Mountaineering *Winter Camping &amp; Expeditions *Operations&hellip;","jetpack_likes_enabled":true,"jetpack_sharing_enabled":true,"_links":{"self":[{"href":"https:\/\/donyanchem.com\/tr\/wp-json\/wp\/v2\/product\/3809","targetHints":{"allow":["GET"]}}],"collection":[{"href":"https:\/\/donyanchem.com\/tr\/wp-json\/wp\/v2\/product"}],"about":[{"href":"https:\/\/donyanchem.com\/tr\/wp-json\/wp\/v2\/types\/product"}],"replies":[{"embeddable":true,"href":"https:\/\/donyanchem.com\/tr\/wp-json\/wp\/v2\/comments?post=3809"}],"wp:featuredmedia":[{"embeddable":true,"href":"https:\/\/donyanchem.com\/tr\/wp-json\/wp\/v2\/media\/3797"}],"wp:attachment":[{"href":"https:\/\/donyanchem.com\/tr\/wp-json\/wp\/v2\/media?parent=3809"}],"wp:term":[{"taxonomy":"product_brand","embeddable":true,"href":"https:\/\/donyanchem.com\/tr\/wp-json\/wp\/v2\/product_brand?post=3809"},{"taxonomy":"product_cat","embeddable":true,"href":"https:\/\/donyanchem.com\/tr\/wp-json\/wp\/v2\/product_cat?post=3809"},{"taxonomy":"product_tag","embeddable":true,"href":"https:\/\/donyanchem.com\/tr\/wp-json\/wp\/v2\/product_tag?post=3809"}],"curies":[{"name":"wp","href":"https:\/\/api.w.org\/{rel}","templated":true}]}}